{"id":8946,"date":"2025-04-03T10:38:39","date_gmt":"2025-04-03T10:38:39","guid":{"rendered":"https:\/\/transolution.net\/?page_id=8946"},"modified":"2025-04-28T11:14:47","modified_gmt":"2025-04-28T11:14:47","slug":"uw-eerste-transport","status":"publish","type":"page","link":"https:\/\/transolution.net\/en\/uw-eerste-transport\/","title":{"rendered":"Uw eerste transport? Start nu met een exclusief welkomstvoordeel."},"content":{"rendered":"<div class=\"wpb-content-wrapper\"><p>[vc_row full_width=&#8221;stretch_row&#8221; css=&#8221;.vc_custom_1648454192972{background-image: url(https:\/\/transolution.net\/wp-content\/uploads\/2022\/03\/banner.png?id=5125) !important;background-position: center !important;background-repeat: no-repeat !important;background-size: cover !important;}&#8221; el_class=&#8221;hero-banner&#8221; el_id=&#8221;form&#8221;][vc_column width=&#8221;6\/12&#8243;][vc_custom_heading text=&#8221;Uw eerste transport? Start nu met een exclusief welkomstvoordeel.&#8221; font_container=&#8221;tag:h1|text_align:left&#8221; use_theme_fonts=&#8221;yes&#8221;][vc_custom_heading text=&#8221;Kies zelf: een eenmalige korting \u00f3f een gratis transportverzekering op uw eerste zending met Transolution.&#8221; font_container=&#8221;tag:div|text_align:left&#8221; use_theme_fonts=&#8221;yes&#8221; css_animation=&#8221;fadeIn&#8221; el_class=&#8221;subtitle&#8221;][vc_btn title=&#8221;Kies uw welkomstvoordeel&#8221; color=&#8221;primary&#8221; css_animation=&#8221;fadeIn&#8221; link=&#8221;url:%23contact-form&#8221; el_class=&#8221;lightbox-toggle mobile-only&#8221;][\/vc_column][vc_column width=&#8221;1\/12&#8243;][\/vc_column][vc_column width=&#8221;5\/12&#8243;][\/vc_column][\/vc_row][vc_row el_class=&#8221;pb-130&#8243;][vc_column width=&#8221;6\/12&#8243;][vc_column_text css_animation=&#8221;fadeIn&#8221; el_class=&#8221;big&#8221;]Bij Transolution begrijpen we wat u zoekt in een logistieke partner: betrouwbaarheid, snelheid en duidelijke afspraken. Of u nu voor het eerst internationaal verzendt, of op zoek bent naar een betere partner dan uw huidige, wij maken het overstappen makkelijk.[\/vc_column_text][vc_column_text css_animation=&#8221;fadeIn&#8221;]Start uw eerste transport met een exclusief voordeel: kies voor korting of gratis verzekering. Onze ervaren teams begeleiden u stap voor stap en zorgen dat uw zending veilig, voordelig en op tijd op bestemming aankomt.[\/vc_column_text][\/vc_column][vc_column width=&#8221;1\/12&#8243;][\/vc_column][vc_column width=&#8221;5\/12&#8243; el_class=&#8221;clone-on-mobile moveup&#8221;]<script>\nvar gform;gform||(document.addEventListener(\"gform_main_scripts_loaded\",function(){gform.scriptsLoaded=!0}),document.addEventListener(\"gform\/theme\/scripts_loaded\",function(){gform.themeScriptsLoaded=!0}),window.addEventListener(\"DOMContentLoaded\",function(){gform.domLoaded=!0}),gform={domLoaded:!1,scriptsLoaded:!1,themeScriptsLoaded:!1,isFormEditor:()=>\"function\"==typeof InitializeEditor,callIfLoaded:function(o){return!(!gform.domLoaded||!gform.scriptsLoaded||!gform.themeScriptsLoaded&&!gform.isFormEditor()||(gform.isFormEditor()&&console.warn(\"The use of gform.initializeOnLoaded() is deprecated in the form editor context and will be removed in Gravity Forms 3.1.\"),o(),0))},initializeOnLoaded:function(o){gform.callIfLoaded(o)||(document.addEventListener(\"gform_main_scripts_loaded\",()=>{gform.scriptsLoaded=!0,gform.callIfLoaded(o)}),document.addEventListener(\"gform\/theme\/scripts_loaded\",()=>{gform.themeScriptsLoaded=!0,gform.callIfLoaded(o)}),window.addEventListener(\"DOMContentLoaded\",()=>{gform.domLoaded=!0,gform.callIfLoaded(o)}))},hooks:{action:{},filter:{}},addAction:function(o,r,e,t){gform.addHook(\"action\",o,r,e,t)},addFilter:function(o,r,e,t){gform.addHook(\"filter\",o,r,e,t)},doAction:function(o){gform.doHook(\"action\",o,arguments)},applyFilters:function(o){return gform.doHook(\"filter\",o,arguments)},removeAction:function(o,r){gform.removeHook(\"action\",o,r)},removeFilter:function(o,r,e){gform.removeHook(\"filter\",o,r,e)},addHook:function(o,r,e,t,n){null==gform.hooks[o][r]&&(gform.hooks[o][r]=[]);var d=gform.hooks[o][r];null==n&&(n=r+\"_\"+d.length),gform.hooks[o][r].push({tag:n,callable:e,priority:t=null==t?10:t})},doHook:function(r,o,e){var t;if(e=Array.prototype.slice.call(e,1),null!=gform.hooks[r][o]&&((o=gform.hooks[r][o]).sort(function(o,r){return o.priority-r.priority}),o.forEach(function(o){\"function\"!=typeof(t=o.callable)&&(t=window[t]),\"action\"==r?t.apply(null,e):e[0]=t.apply(null,e)})),\"filter\"==r)return e[0]},removeHook:function(o,r,t,n){var e;null!=gform.hooks[o][r]&&(e=(e=gform.hooks[o][r]).filter(function(o,r,e){return!!(null!=n&&n!=o.tag||null!=t&&t!=o.priority)}),gform.hooks[o][r]=e)}});\n<\/script>\n\n                <div class='gf_browser_gecko gform_wrapper gform_legacy_markup_wrapper gform-theme--no-framework register-form_wrapper' data-form-theme='legacy' data-form-index='0' id='gform_wrapper_16' ><div id='gf_16' class='gform_anchor' tabindex='-1'><\/div>\n                        <div class='gform_heading'>\n                            <h3 class=\"gform_title\">Profiteer direct van ons welkomstaanbod voor nieuwe zakelijke klanten.<\/h3>\n                            <p class='gform_description'>Laat uw gegevens achter en kies zelf: een eenmalige korting op uw eerste transport \u2013 of \u2013 een gratis transportverzekering.\r\n\r\nWij nemen contact met u op om alles in goede banen te leiden<\/p>\n                        <\/div><form method='post' enctype='multipart\/form-data' target='gform_ajax_frame_16' id='gform_16' class='register-form' action='\/en\/wp-json\/wp\/v2\/pages\/8946#gf_16' data-formid='16' novalidate>\n                        <div class='gform-body gform_body'><ul id='gform_fields_16' class='gform_fields top_label form_sublabel_below description_below validation_below'><li id=\"field_16_15\" class=\"gfield gfield--type-select gfield--input-type-select gfield--width-full gfield_contains_required field_sublabel_below gfield--no-description field_description_below hidden_label field_validation_below gfield_visibility_visible\"  ><label class='gfield_label gform-field-label' for='input_16_15'>Kies uw welkomstvoordeel<span class=\"gfield_required\"><span class=\"gfield_required gfield_required_asterisk\">*<\/span><\/span><\/label><div class='ginput_container ginput_container_select'><select name='input_15' id='input_16_15' class='large gfield_select'    aria-required=\"true\" aria-invalid=\"false\" ><option value='' selected='selected' class='gf_placeholder'>Kies uw welkomstvoordeel<\/option><option value='Eenmalige korting op eerste transport' >Eenmalige korting op eerste transport<\/option><option value='Gratis transportverzekering' >Gratis transportverzekering<\/option><\/select><\/div><\/li><li id=\"field_16_2\" class=\"gfield gfield--type-text gfield--input-type-text gfield_contains_required field_sublabel_below gfield--no-description field_description_below hidden_label field_validation_below gfield_visibility_visible\"  ><label class='gfield_label gform-field-label' for='input_16_2'>Naam<span class=\"gfield_required\"><span class=\"gfield_required gfield_required_asterisk\">*<\/span><\/span><\/label><div class='ginput_container ginput_container_text'><input name='input_2' id='input_16_2' type='text' value='' class='large'    placeholder='Naam*' aria-required=\"true\" aria-invalid=\"false\"   \/><\/div><\/li><li id=\"field_16_3\" class=\"gfield gfield--type-text gfield--input-type-text gfield_contains_required field_sublabel_below gfield--no-description field_description_below hidden_label field_validation_below gfield_visibility_visible\"  ><label class='gfield_label gform-field-label' for='input_16_3'>Achternaam<span class=\"gfield_required\"><span class=\"gfield_required gfield_required_asterisk\">*<\/span><\/span><\/label><div class='ginput_container ginput_container_text'><input name='input_3' id='input_16_3' type='text' value='' class='large'    placeholder='Achternaam*' aria-required=\"true\" aria-invalid=\"false\"   \/><\/div><\/li><li id=\"field_16_7\" class=\"gfield gfield--type-email gfield--input-type-email gfield_contains_required field_sublabel_below gfield--no-description field_description_below hidden_label field_validation_below gfield_visibility_visible\"  ><label class='gfield_label gform-field-label' for='input_16_7'>E-mail<span class=\"gfield_required\"><span class=\"gfield_required gfield_required_asterisk\">*<\/span><\/span><\/label><div class='ginput_container ginput_container_email'>\n                            <input name='input_7' id='input_16_7' type='email' value='' class='large'   placeholder='E-mail*' aria-required=\"true\" aria-invalid=\"false\"  \/>\n                        <\/div><\/li><li id=\"field_16_9\" class=\"gfield gfield--type-text gfield--input-type-text gfield_contains_required field_sublabel_below gfield--no-description field_description_below hidden_label field_validation_below gfield_visibility_visible\"  ><label class='gfield_label gform-field-label' for='input_16_9'>Telefoonnummer<span class=\"gfield_required\"><span class=\"gfield_required gfield_required_asterisk\">*<\/span><\/span><\/label><div class='ginput_container ginput_container_text'><input name='input_9' id='input_16_9' type='text' value='' class='large'    placeholder='Telefoonnummer* (incl. landnummer, bijv: +597)' aria-required=\"true\" aria-invalid=\"false\"   \/><\/div><\/li><li id=\"field_16_14\" class=\"gfield gfield--type-select gfield--input-type-select gfield--width-full field_sublabel_below gfield--no-description field_description_below hidden_label field_validation_below gfield_visibility_visible\"  ><label class='gfield_label gform-field-label' for='input_16_14'>Type vracht<\/label><div class='ginput_container ginput_container_select'><select name='input_14' id='input_16_14' class='large gfield_select'     aria-invalid=\"false\" ><option value='' selected='selected' class='gf_placeholder'>Type vracht (container of pallet)<\/option><option value='Container' >Container<\/option><option value='Pallet' >Pallet<\/option><\/select><\/div><\/li><li id=\"field_16_13\" class=\"gfield gfield--type-textarea gfield--input-type-textarea gfield--width-full field_sublabel_below gfield--no-description field_description_below hidden_label field_validation_below gfield_visibility_visible\"  ><label class='gfield_label gform-field-label' for='input_16_13'>Vraag \/ opmerking<\/label><div class='ginput_container ginput_container_textarea'><textarea name='input_13' id='input_16_13' class='textarea medium'    placeholder='Vraag \/ opmerking'  aria-invalid=\"false\"   rows='10' cols='50'><\/textarea><\/div><\/li><li id=\"field_16_11\" class=\"gfield gfield--type-consent gfield--type-choice gfield--input-type-consent gfield_contains_required field_sublabel_below gfield--no-description field_description_below hidden_label field_validation_below gfield_visibility_visible\"  ><label class='gfield_label gform-field-label screen-reader-text gfield_label_before_complex' ><span class=\"gfield_required\"><span class=\"gfield_required gfield_required_asterisk\">*<\/span><\/span><\/label><div class='ginput_container ginput_container_consent'><input name='input_11.1' id='input_16_11_1' type='checkbox' value='1'   aria-required=\"true\" aria-invalid=\"false\"   \/> <label class=\"gform-field-label gform-field-label--type-inline gfield_consent_label\" for='input_16_11_1' >Ik ga akkoord met de <a href=\"https:\/\/transolution.net\/wp-content\/uploads\/2019\/11\/Transolution-privacyverklaring.pdf\" target=\"_blank\">privacy disclaimer<\/a><span class=\"gfield_required gfield_required_asterisk\">*<\/span><\/label><input type='hidden' name='input_11.2' value='Ik ga akkoord met de &lt;a href=&quot;https:\/\/transolution.net\/wp-content\/uploads\/2019\/11\/Transolution-privacyverklaring.pdf&quot; target=&quot;_blank&quot;&gt;privacy disclaimer&lt;\/a&gt;' class='gform_hidden' \/><input type='hidden' name='input_11.3' value='7' class='gform_hidden' \/><\/div><\/li><li id=\"field_16_12\" class=\"gfield gfield--type-captcha gfield--input-type-captcha field_sublabel_below gfield--no-description field_description_below hidden_label field_validation_below gfield_visibility_visible\"  ><label class='gfield_label gform-field-label' for='input_16_12'>CAPTCHA<\/label><div id='input_16_12' class='ginput_container ginput_recaptcha' data-sitekey='6LeAnaYgAAAAAM-U7zw45tQ7XdJ23ms-sovZpgUL'  data-theme='light' data-tabindex='0'  data-badge=''><\/div><\/li><\/ul><\/div>\n        <div class='gform-footer gform_footer top_label'> <input type='submit' id='gform_submit_button_16' class='gform_button button' onclick='gform.submission.handleButtonClick(this);' data-submission-type='submit' value='Versturen'  \/> <input type='hidden' name='gform_ajax' value='form_id=16&amp;title=1&amp;description=1&amp;tabindex=0&amp;theme=legacy&amp;styles=[]&amp;hash=7645afda64b030ee657ae2fccf09a461' \/>\n            <input type='hidden' class='gform_hidden' name='gform_submission_method' data-js='gform_submission_method_16' value='iframe' \/>\n            <input type='hidden' class='gform_hidden' name='gform_theme' data-js='gform_theme_16' id='gform_theme_16' value='legacy' \/>\n            <input type='hidden' class='gform_hidden' name='gform_style_settings' data-js='gform_style_settings_16' id='gform_style_settings_16' value='[]' \/>\n            <input type='hidden' class='gform_hidden' name='is_submit_16' value='1' \/>\n            <input type='hidden' class='gform_hidden' name='gform_submit' value='16' \/>\n            \n            <input type='hidden' class='gform_hidden' name='gform_currency' data-currency='EUR' value='KmoFIYY8kMl4ZWODlvUg5dLJ8fpKHqnnrAi6iIAdCRLy\/7qDVM8uyvB\/zOg5\/ULYckTENEZYVfNyrPRDokQJNM9lUUwLa45429vmGyXFEe4juPc=' \/>\n            <input type='hidden' class='gform_hidden' name='gform_unique_id' value='' \/>\n            <input type='hidden' class='gform_hidden' name='state_16' value='WyJ7XCIxNVwiOltcIjJmOGI2ZTAyM2I2N2E2NzBjNjhiNGQzMGRiNDkwZWEwXCIsXCIyZGE4MmE2N2Q2ZjYyMjFlY2QyMGZhNzMxN2ZkODE4ZVwiXSxcIjE0XCI6W1wiOTFlODJhYzBkZWFhNjExZjI5NDYzYTQyMTZhZjgwZjlcIixcImUzZTk0YzMzOTM4NDZmYzg1YjI3MWFkNTYwMDA5YjE3XCJdLFwiMTEuMVwiOlwiZWYyNGE5YmMzYjNmNjM2ZTUyOTJkNWI5NWQ5NTU5NGZcIixcIjExLjJcIjpcIjU5Y2JmM2RjZmM0ODg2NTU3NWFhNGNhMTJmMjBkNTkwXCIsXCIxMS4zXCI6XCJkNGU3NDQxMzQ3YWE1Y2U4MjZhNGU4NTI0NWQ1NTU1MlwifSIsImMxYTk3ZmY0N2UxNzBiNDdhNjg2MzY0NThmNzQzYzkwIl0=' \/>\n            <input type='hidden' autocomplete='off' class='gform_hidden' name='gform_target_page_number_16' id='gform_target_page_number_16' value='0' \/>\n            <input type='hidden' autocomplete='off' class='gform_hidden' name='gform_source_page_number_16' id='gform_source_page_number_16' value='1' \/>\n            <input type='hidden' name='gform_field_values' value='' \/>\n            \n        <\/div>\n                        <\/form>\n                        <\/div>\n\t\t                <iframe style='display:none;width:0px;height:0px;' src='about:blank' name='gform_ajax_frame_16' id='gform_ajax_frame_16' title='This iframe contains the logic required to handle Ajax powered Gravity Forms.'><\/iframe>\n\t\t                <script>\ngform.initializeOnLoaded( function() {gformInitSpinner( 16, 'https:\/\/transolution.net\/wp-content\/plugins\/gravityforms\/images\/spinner.svg', true );jQuery('#gform_ajax_frame_16').on('load',function(){var contents = jQuery(this).contents().find('*').html();var is_postback = contents.indexOf('GF_AJAX_POSTBACK') >= 0;if(!is_postback){return;}var form_content = jQuery(this).contents().find('#gform_wrapper_16');var is_confirmation = jQuery(this).contents().find('#gform_confirmation_wrapper_16').length > 0;var is_redirect = contents.indexOf('gformRedirect(){') >= 0;var is_form = form_content.length > 0 && ! is_redirect && ! is_confirmation;var mt = parseInt(jQuery('html').css('margin-top'), 10) + parseInt(jQuery('body').css('margin-top'), 10) + 100;if(is_form){jQuery('#gform_wrapper_16').html(form_content.html());if(form_content.hasClass('gform_validation_error')){jQuery('#gform_wrapper_16').addClass('gform_validation_error');} else {jQuery('#gform_wrapper_16').removeClass('gform_validation_error');}setTimeout( function() { \/* delay the scroll by 50 milliseconds to fix a bug in chrome *\/ jQuery(document).scrollTop(jQuery('#gform_wrapper_16').offset().top - mt); }, 50 );if(window['gformInitDatepicker']) {gformInitDatepicker();}if(window['gformInitPriceFields']) {gformInitPriceFields();}var current_page = jQuery('#gform_source_page_number_16').val();gformInitSpinner( 16, 'https:\/\/transolution.net\/wp-content\/plugins\/gravityforms\/images\/spinner.svg', true );jQuery(document).trigger('gform_page_loaded', [16, current_page]);window['gf_submitting_16'] = false;}else if(!is_redirect){var confirmation_content = jQuery(this).contents().find('.GF_AJAX_POSTBACK').html();if(!confirmation_content){confirmation_content = contents;}jQuery('#gform_wrapper_16').replaceWith(confirmation_content);jQuery(document).scrollTop(jQuery('#gf_16').offset().top - mt);jQuery(document).trigger('gform_confirmation_loaded', [16]);window['gf_submitting_16'] = false;wp.a11y.speak(jQuery('#gform_confirmation_message_16').text());}else{jQuery('#gform_16').append(contents);if(window['gformRedirect']) {gformRedirect();}}jQuery(document).trigger(\"gform_pre_post_render\", [{ formId: \"16\", currentPage: \"current_page\", abort: function() { this.preventDefault(); } }]);        if (event && event.defaultPrevented) {                return;        }        const gformWrapperDiv = document.getElementById( \"gform_wrapper_16\" );        if ( gformWrapperDiv ) {            const visibilitySpan = document.createElement( \"span\" );            visibilitySpan.id = \"gform_visibility_test_16\";            gformWrapperDiv.insertAdjacentElement( \"afterend\", visibilitySpan );        }        const visibilityTestDiv = document.getElementById( \"gform_visibility_test_16\" );        let postRenderFired = false;        function triggerPostRender() {            if ( postRenderFired ) {                return;            }            postRenderFired = true;            gform.core.triggerPostRenderEvents( 16, current_page );            if ( visibilityTestDiv ) {                visibilityTestDiv.parentNode.removeChild( visibilityTestDiv );            }        }        function debounce( func, wait, immediate ) {            var timeout;            return function() {                var context = this, args = arguments;                var later = function() {                    timeout = null;                    if ( !immediate ) func.apply( context, args );                };                var callNow = immediate && !timeout;                clearTimeout( timeout );                timeout = setTimeout( later, wait );                if ( callNow ) func.apply( context, args );            };        }        const debouncedTriggerPostRender = debounce( function() {            triggerPostRender();        }, 200 );        if ( visibilityTestDiv && visibilityTestDiv.offsetParent === null ) {            const observer = new MutationObserver( ( mutations ) => {                mutations.forEach( ( mutation ) => {                    if ( mutation.type === 'attributes' && visibilityTestDiv.offsetParent !== null ) {                        debouncedTriggerPostRender();                        observer.disconnect();                    }                });            });            observer.observe( document.body, {                attributes: true,                childList: false,                subtree: true,                attributeFilter: [ 'style', 'class' ],            });        } else {            triggerPostRender();        }    } );} );\n<\/script>\n[\/vc_column][\/vc_row][vc_row css_animation=&#8221;none&#8221; el_class=&#8221;section-2blocks&#8221;][vc_column width=&#8221;1\/2&#8243;][vc_single_image image=&#8221;8955&#8243; img_size=&#8221;full&#8221; css_animation=&#8221;fadeIn&#8221;][vc_custom_heading text=&#8221;Waarom kiezen voor Transolution?&#8221; use_theme_fonts=&#8221;yes&#8221; css_animation=&#8221;fadeIn&#8221;][vc_column_text css_animation=&#8221;fadeIn&#8221;]Transolution is uw betrouwbare partner voor wereldwijd vrachtvervoer via zee of lucht. Wij combineren jarenlange ervaring met een fijnmazig netwerk van betrouwbare logistieke partners. Of u nu \u00e9\u00e9n pallet of meerdere containers wilt versturen: wij regelen het effici\u00ebnt en met zorg.<\/p>\n<p>Met ons welkomstaanbod maakt u eenvoudig kennis met onze dienstverlening. Kies voor zekerheid of direct voordeel \u2013 en ervaar zelf waarom bedrijven in binnen- en buitenland voor Transolution kiezen.[\/vc_column_text][vc_column_text css_animation=&#8221;fadeIn&#8221; el_class=&#8221;list&#8221;]<\/p>\n<ul>\n<li>Wereldwijd transportnetwerk (lucht &amp; zee)<\/li>\n<li>Flexibele oplossingen voor pallets en containers<\/li>\n<li>Douane-afhandeling en importbegeleiding inbegrepen<\/li>\n<li>Altijd inzicht in status en levertijd<\/li>\n<\/ul>\n<p>[\/vc_column_text][\/vc_column][vc_column width=&#8221;1\/2&#8243;][vc_single_image image=&#8221;8959&#8243; img_size=&#8221;full&#8221; css_animation=&#8221;fadeIn&#8221;][vc_custom_heading text=&#8221;Vragen voor ons?&#8221; use_theme_fonts=&#8221;yes&#8221; css_animation=&#8221;fadeIn&#8221;][vc_column_text css_animation=&#8221;fadeIn&#8221; el_class=&#8221;block-contactinfo&#8221;]Voor al uw vragen kunt u terecht bij onze klanten service.<\/p>\n<ul>\n<li class=\"phone\"><a href=\"tel:+31 (0)20 451 1160\">+31 (0)20 451 1160<\/a><\/li>\n<li class=\"email\"><a href=\"mailto:sales@transolution.net\">sales@transolution.net<\/a><\/li>\n<li class=\"facebook\"><a href=\"https:\/\/www.facebook.com\/transolutioncargocaribbean\/\" target=\"_blank\" rel=\"noopener noreferrer\">Transolution Cargo Caribbean<\/a><\/li>\n<\/ul>\n<p>[\/vc_column_text][\/vc_column][\/vc_row][vc_row][vc_column][vc_raw_html]JTNDZGl2JTIwaWQlM0QlMjJjb250YWN0LWZvcm0lMjIlMjBjbGFzcyUzRCUyMm1vZGFsJTIyJTNFJTBBJTNDZGl2JTIwY2xhc3MlM0QlMjJtb2RhbC1jb250ZW50JTIyJTNFJTBBJTNDZGl2JTIwY2xhc3MlM0QlMjJjbG9zZSUyMiUzRXglM0MlMkZkaXYlM0UlMEElM0MlMkZkaXYlM0UlMEElM0MlMkZkaXYlM0U=[\/vc_raw_html][\/vc_column][\/vc_row]<\/p>\n<\/div>","protected":false},"excerpt":{"rendered":"<p>[vc_row full_width=&#8221;stretch_row&#8221; css=&#8221;.vc_custom_1648454192972{background-image: url(https:\/\/transolution.net\/wp-content\/uploads\/2022\/03\/banner.png?id=5125) !important;background-position: center !important;background-repeat: no-repeat !important;background-size: cover !important;}&#8221; el_class=&#8221;hero-banner&#8221; el_id=&#8221;form&#8221;][vc_column width=&#8221;6\/12&#8243;][vc_custom_heading text=&#8221;Uw eerste transport? Start nu met een exclusief welkomstvoordeel.&#8221; font_container=&#8221;tag:h1|text_align:left&#8221; use_theme_fonts=&#8221;yes&#8221;][vc_custom_heading text=&#8221;Kies zelf: een eenmalige korting \u00f3f een gratis transportverzekering op uw eerste zending met Transolution.&#8221; font_container=&#8221;tag:div|text_align:left&#8221; use_theme_fonts=&#8221;yes&#8221; css_animation=&#8221;fadeIn&#8221; el_class=&#8221;subtitle&#8221;][vc_btn title=&#8221;Kies uw welkomstvoordeel&#8221; color=&#8221;primary&#8221; css_animation=&#8221;fadeIn&#8221; link=&#8221;url:%23contact-form&#8221; el_class=&#8221;lightbox-toggle mobile-only&#8221;][\/vc_column][vc_column width=&#8221;1\/12&#8243;][\/vc_column][vc_column width=&#8221;5\/12&#8243;][\/vc_column][\/vc_row][vc_row el_class=&#8221;pb-130&#8243;][vc_column [&hellip;]<\/p>\n","protected":false},"author":1,"featured_media":0,"parent":0,"menu_order":0,"comment_status":"closed","ping_status":"closed","template":"","meta":{"inline_featured_image":false,"footnotes":""},"categories":[],"tags":[],"class_list":["post-8946","page","type-page","status-publish","hentry"],"_links":{"self":[{"href":"https:\/\/transolution.net\/en\/wp-json\/wp\/v2\/pages\/8946","targetHints":{"allow":["GET"]}}],"collection":[{"href":"https:\/\/transolution.net\/en\/wp-json\/wp\/v2\/pages"}],"about":[{"href":"https:\/\/transolution.net\/en\/wp-json\/wp\/v2\/types\/page"}],"author":[{"embeddable":true,"href":"https:\/\/transolution.net\/en\/wp-json\/wp\/v2\/users\/1"}],"replies":[{"embeddable":true,"href":"https:\/\/transolution.net\/en\/wp-json\/wp\/v2\/comments?post=8946"}],"version-history":[{"count":9,"href":"https:\/\/transolution.net\/en\/wp-json\/wp\/v2\/pages\/8946\/revisions"}],"predecessor-version":[{"id":8964,"href":"https:\/\/transolution.net\/en\/wp-json\/wp\/v2\/pages\/8946\/revisions\/8964"}],"wp:attachment":[{"href":"https:\/\/transolution.net\/en\/wp-json\/wp\/v2\/media?parent=8946"}],"wp:term":[{"taxonomy":"category","embeddable":true,"href":"https:\/\/transolution.net\/en\/wp-json\/wp\/v2\/categories?post=8946"},{"taxonomy":"post_tag","embeddable":true,"href":"https:\/\/transolution.net\/en\/wp-json\/wp\/v2\/tags?post=8946"}],"curies":[{"name":"wp","href":"https:\/\/api.w.org\/{rel}","templated":true}]}}