{"id":693,"date":"2019-11-04T15:26:36","date_gmt":"2019-11-04T15:26:36","guid":{"rendered":"https:\/\/transolution.net\/?page_id=693"},"modified":"2019-11-14T07:13:01","modified_gmt":"2019-11-14T07:13:01","slug":"pagina-de-inicio","status":"publish","type":"page","link":"https:\/\/transolution.net\/es\/","title":{"rendered":"Pagina de inicio"},"content":{"rendered":"<div class=\"wpb-content-wrapper\"><p>[vc_section full_width=\u00bbstretch_row\u00bb el_class=\u00bbbanner-section\u00bb][vc_row][vc_column width=\u00bb1\/2&#8243;][vc_column_text]<\/p>\n<ul class=\"banner-track\">\n<li><a href=\"\/es\/track\/\">Track &amp; Trace<\/a><\/li>\n<li><a href=\"\/es\/envio-de-carga\/\">Env\u00edo de carga<\/a><\/li>\n<li><a href=\"\/es\/track\/\">Iniciar sesi\u00f3n como profesional<\/a><\/li>\n<\/ul>\n<p>[\/vc_column_text][\/vc_column][vc_column width=\u00bb1\/2&#8243;][vc_custom_heading text=\u00bbBridging The World<br \/>\nFor Your Cargo\u00bb font_container=\u00bbtag:h3|text_align:left\u00bb use_theme_fonts=\u00bbyes\u00bb el_class=\u00bbbanner-text\u00bb][\/vc_column][\/vc_row][\/vc_section][vc_section el_class=\u00bbzekelije-section\u00bb][vc_row][vc_column][vc_custom_heading text=\u00bbEnv\u00edos comerciales y personales\u00bb font_container=\u00bbtag:h3|text_align:center\u00bb use_theme_fonts=\u00bbyes\u00bb css_animation=\u00bbfadeIn\u00bb][vc_custom_heading text=\u00bbElija el servicio de Transolution que mejor se adapte a sus necesidades\u00bb font_container=\u00bbtag:h5|text_align:center\u00bb use_theme_fonts=\u00bbyes\u00bb el_class=\u00bbsub-title\u00bb][vc_row_inner gap=\u00bb20&#8243; el_class=\u00bbzalin-mian\u00bb][vc_column_inner width=\u00bb1\/2&#8243;][vc_single_image image=\u00bb623&#8243; img_size=\u00bbfull\u00bb][vc_column_text]<\/p>\n<h4>Transporte a\u00e9reo de carga<\/h4>\n<p class=\"zep-desc\">Transolution proporciona transporte a\u00e9reo de carga r\u00e1pido, eficiente y seguro de sus paquetes, palets o contenedores a todos los pa\u00edses del mundo. Tenemos el conocimiento, la experiencia, la red y las certificaciones adecuadas para llevar sus bienes a su destino en un abrir y cerrar de ojos.<\/p>\n<p><a href=\"\/es\/transporte-aereo-de-carga\/\">M\u00e1s informaci\u00f3n<\/a>[\/vc_column_text][\/vc_column_inner][vc_column_inner width=\u00bb1\/2&#8243;][vc_single_image image=\u00bb627&#8243; img_size=\u00bbfull\u00bb][vc_column_text]<\/p>\n<h4>Transporte mar\u00edtimo de carga<\/h4>\n<p class=\"zep-desc\">Transolution es su socio comprometido y confiable para la importaci\u00f3n o exportaci\u00f3n de sus bienes comerciales o personales por transporte mar\u00edtimo. Gracias a nuestro servicio completo, usted se beneficia de tarifas competitivas para transporte mar\u00edtimo de carga, l\u00edneas de comunicaci\u00f3n cortas y transporte de grandes env\u00edos sin preocupaciones.<\/p>\n<p><a href=\"\/es\/transporte-maritimo-de-carga\/\">M\u00e1s informaci\u00f3n<\/a>[\/vc_column_text][\/vc_column_inner][\/vc_row_inner][\/vc_column][\/vc_row][\/vc_section][vc_section full_width=\u00bbstretch_row\u00bb el_class=\u00bbcontent-home\u00bb css=\u00bb.vc_custom_1564730364026{background-color: #e3ecee !important;}\u00bb][vc_row][vc_column el_class=\u00bbanimate-ltr\u00bb][vc_single_image image=\u00bb64&#8243; img_size=\u00bbfull\u00bb el_class=\u00bbcnt-mian-img\u00bb][vc_column_text el_class=\u00bbcnt-met\u00bb]<\/p>\n<h3>Contacto<\/h3>\n<p><a href=\"tel:+31-020-451-1160\" target=\"_blank\" rel=\"noopener noreferrer\">+31 (0)20 451 1160<\/a><br \/>\n<a href=\"mailto:sales@transolution.net\">sales@transolution.net<\/a>[\/vc_column_text][vc_column_text el_class=\u00bbcnt-text\u00bb]<\/p>\n<h4>SOBRE TRANSOLUTION<\/h4>\n<p><strong>Transolution<\/strong> es su base fiable para el env\u00edo de sus bienes de forma r\u00e1pida, segura y econ\u00f3mica. Como transitario reconocido internacionalmente, tenemos la experiencia y la red para organizar su transporte a\u00e9reo o mar\u00edtimo de carga de manera eficiente y cuidadosa. Sus paquetes, palets o contenedores llegan a su destino sin problemas y con precisi\u00f3n a cualquier parte del mundo. Disponemos de una extensa red de transporte y distribuci\u00f3n y contamos con las certificaciones adecuadas para todos los tr\u00e1mites aduaneros y administrativos. \u00a1Transolution acerca el otro lado del mundo!<\/p>\n<p><a class=\"cnt-btn1\" href=\"\/es\/envio-de-carga\/\"><span class=\"cnt-span1\">Solicite una oferta<\/span><span class=\"cnt-span2\">Solicite una oferta<\/span><\/a><a class=\"cnt-btn2\" href=\"\/es\/sobre-nosotros\/\"><span class=\"cnt-span1\">Sobre nosotros<\/span><span class=\"cnt-span2\">Sobre nosotros<\/span><\/a>[\/vc_column_text][\/vc_column][\/vc_row][\/vc_section][vc_section el_class=\u00bbvraag-home\u00bb][vc_row][vc_column][vc_custom_heading text=\u00bbSolicite una oferta\u00bb font_container=\u00bbtag:h2|text_align:center\u00bb use_theme_fonts=\u00bbyes\u00bb css_animation=\u00bbfadeIn\u00bb][vc_custom_heading text=\u00bbSu env\u00edo&#8230;\u00bb font_container=\u00bbtag:h5|text_align:center\u00bb use_theme_fonts=\u00bbyes\u00bb css_animation=\u00bbfadeIn\u00bb][vc_row_inner equal_height=\u00bbyes\u00bb gap=\u00bb20&#8243; el_class=\u00bbvraag-row\u00bb][vc_column_inner width=\u00bb1\/3&#8243;][vc_custom_heading text=\u00bbPaquetes y documentos\u00bb font_container=\u00bbtag:h3|text_align:center\u00bb use_theme_fonts=\u00bbyes\u00bb css_animation=\u00bbfadeIn\u00bb][vc_single_image image=\u00bb80&#8243; img_size=\u00bbfull\u00bb alignment=\u00bbcenter\u00bb css_animation=\u00bbfadeIn\u00bb][vc_column_text css_animation=\u00bbfadeIn\u00bb]<a href=\"\/es\/envio-de-carga\/\">Solicite una oferta<\/a>[\/vc_column_text][\/vc_column_inner][vc_column_inner width=\u00bb1\/3&#8243;][vc_custom_heading text=\u00bbPalets\u00bb font_container=\u00bbtag:h3|text_align:center\u00bb use_theme_fonts=\u00bbyes\u00bb css_animation=\u00bbfadeIn\u00bb][vc_single_image image=\u00bb81&#8243; img_size=\u00bbfull\u00bb alignment=\u00bbcenter\u00bb css_animation=\u00bbfadeIn\u00bb][vc_column_text css_animation=\u00bbfadeIn\u00bb]<a href=\"\/es\/envio-de-carga\/\">Solicite una oferta<\/a>[\/vc_column_text][\/vc_column_inner][vc_column_inner width=\u00bb1\/3&#8243;][vc_custom_heading text=\u00bbContenedores \u00bb font_container=\u00bbtag:h3|text_align:center\u00bb use_theme_fonts=\u00bbyes\u00bb css_animation=\u00bbfadeIn\u00bb][vc_single_image image=\u00bb82&#8243; img_size=\u00bbfull\u00bb alignment=\u00bbcenter\u00bb css_animation=\u00bbfadeIn\u00bb][vc_column_text css_animation=\u00bbfadeIn\u00bb]<a href=\"\/es\/envio-de-carga\/\">Solicite una oferta<\/a>[\/vc_column_text][\/vc_column_inner][\/vc_row_inner][\/vc_column][\/vc_row][\/vc_section][vc_section el_class=\u00bbwing-home\u00bb][vc_row][vc_column][vc_custom_heading text=\u00bbTambi\u00e9n podemos ayudarle con&#8230;\u00bb use_theme_fonts=\u00bbyes\u00bb css_animation=\u00bbfadeIn\u00bb][\/vc_column][\/vc_row][vc_row gap=\u00bb35&#8243; el_class=\u00bbwinj-row\u00bb][vc_column width=\u00bb1\/2&#8243;][vc_single_image image=\u00bb103&#8243; img_size=\u00bbfull\u00bb][vc_column_text]<\/p>\n<div class=\"wij-div\">\n<h3>Aduana<\/h3>\n<p>Transolution le ayuda con todos los documentos aduaneros para el transporte a\u00e9reo o mar\u00edtimo de carga de una manera profesional y sin problemas. La elaboraci\u00f3n de los documentos aduaneros requiere un conocimiento especializado de las leyes y reglamentos de los distintos pa\u00edses. Nos encargamos de todos los tr\u00e1mites de importaci\u00f3n y exportaci\u00f3n de sus bienes. Sabemos todo sobre el despacho de aduanas, cartas de porte, documentos de exportaci\u00f3n y documentos de origen.<\/p>\n<p><a href=\"\/es\/aduana\/\">M\u00e1s informaci\u00f3n<\/a><\/div>\n<p>[\/vc_column_text][\/vc_column][vc_column width=\u00bb1\/2&#8243;][vc_single_image image=\u00bb97&#8243; img_size=\u00bbfull\u00bb][vc_column_text]<\/p>\n<div class=\"wij-div\">\n<h3>Tienda en linea<\/h3>\n<p>\u00bfNecesita cajas, sobres u otro tipo de embalaje para el transporte de sus bienes? En la tienda en linea de Transolution, puede pedir f\u00e1cilmente todos los materiales de env\u00edo para su transporte a\u00e9reo o mar\u00edtimo de carga. La calidad de su env\u00edo de bienes aumenta con el uso del embalaje adecuado.<\/p>\n<p><a href=\"\/es\/webshop\/\">Visita tienda online<\/a><\/div>\n<p>[\/vc_column_text][\/vc_column][\/vc_row][\/vc_section]<\/p>\n<\/div>","protected":false},"excerpt":{"rendered":"<p>[vc_section full_width=\u00bbstretch_row\u00bb el_class=\u00bbbanner-section\u00bb][vc_row][vc_column width=\u00bb1\/2&#8243;][vc_column_text] Track &amp; Trace Env\u00edo de carga Iniciar sesi\u00f3n como profesional [\/vc_column_text][\/vc_column][vc_column width=\u00bb1\/2&#8243;][vc_custom_heading text=\u00bbBridging The World For Your Cargo\u00bb font_container=\u00bbtag:h3|text_align:left\u00bb use_theme_fonts=\u00bbyes\u00bb el_class=\u00bbbanner-text\u00bb][\/vc_column][\/vc_row][\/vc_section][vc_section el_class=\u00bbzekelije-section\u00bb][vc_row][vc_column][vc_custom_heading text=\u00bbEnv\u00edos comerciales y personales\u00bb font_container=\u00bbtag:h3|text_align:center\u00bb use_theme_fonts=\u00bbyes\u00bb css_animation=\u00bbfadeIn\u00bb][vc_custom_heading text=\u00bbElija el servicio de Transolution que mejor se adapte a sus necesidades\u00bb font_container=\u00bbtag:h5|text_align:center\u00bb use_theme_fonts=\u00bbyes\u00bb el_class=\u00bbsub-title\u00bb][vc_row_inner gap=\u00bb20&#8243; el_class=\u00bbzalin-mian\u00bb][vc_column_inner width=\u00bb1\/2&#8243;][vc_single_image image=\u00bb623&#8243; img_size=\u00bbfull\u00bb][vc_column_text] Transporte a\u00e9reo [&hellip;]<\/p>\n","protected":false},"author":1,"featured_media":0,"parent":0,"menu_order":0,"comment_status":"closed","ping_status":"closed","template":"template-fullwidth.php","meta":{"inline_featured_image":false,"footnotes":""},"categories":[],"tags":[],"class_list":["post-693","page","type-page","status-publish","hentry"],"_links":{"self":[{"href":"https:\/\/transolution.net\/es\/wp-json\/wp\/v2\/pages\/693","targetHints":{"allow":["GET"]}}],"collection":[{"href":"https:\/\/transolution.net\/es\/wp-json\/wp\/v2\/pages"}],"about":[{"href":"https:\/\/transolution.net\/es\/wp-json\/wp\/v2\/types\/page"}],"author":[{"embeddable":true,"href":"https:\/\/transolution.net\/es\/wp-json\/wp\/v2\/users\/1"}],"replies":[{"embeddable":true,"href":"https:\/\/transolution.net\/es\/wp-json\/wp\/v2\/comments?post=693"}],"version-history":[{"count":7,"href":"https:\/\/transolution.net\/es\/wp-json\/wp\/v2\/pages\/693\/revisions"}],"predecessor-version":[{"id":991,"href":"https:\/\/transolution.net\/es\/wp-json\/wp\/v2\/pages\/693\/revisions\/991"}],"wp:attachment":[{"href":"https:\/\/transolution.net\/es\/wp-json\/wp\/v2\/media?parent=693"}],"wp:term":[{"taxonomy":"category","embeddable":true,"href":"https:\/\/transolution.net\/es\/wp-json\/wp\/v2\/categories?post=693"},{"taxonomy":"post_tag","embeddable":true,"href":"https:\/\/transolution.net\/es\/wp-json\/wp\/v2\/tags?post=693"}],"curies":[{"name":"wp","href":"https:\/\/api.w.org\/{rel}","templated":true}]}}