{"id":708,"date":"2019-11-04T15:51:21","date_gmt":"2019-11-04T15:51:21","guid":{"rendered":"https:\/\/transolution.net\/?page_id=708"},"modified":"2019-12-09T15:21:13","modified_gmt":"2019-12-09T15:21:13","slug":"transporte-maritimo-de-carga","status":"publish","type":"page","link":"https:\/\/transolution.net\/es\/transporte-maritimo-de-carga\/","title":{"rendered":"Transporte mar\u00edtimo de carga"},"content":{"rendered":"<div class=\"wpb-content-wrapper\"><p>[vc_section el_class=\u00bbservice-heading-text\u00bb][vc_row][vc_column][vc_column_text]<\/p>\n<h2>\u00bfDesea importar o exportar bienes personales o comerciales por transporte mar\u00edtimo y busca un transitario mar\u00edtimo fiable y asequible? Transolution tiene el conocimiento y la experiencia y tiene la red para llevar sus paquetes a su destino en todo el mundo.<\/h2>\n<p>[\/vc_column_text][\/vc_column][\/vc_row][vc_row el_class=\u00bbservice-custom-heading\u00bb][vc_column][vc_column_text]<\/p>\n<h3>Descubra todas las posibilidades para su carga en la columna de la derecha y solicite una oferta gratuita inmediatamente.<\/h3>\n<p>[\/vc_column_text][vc_separator color=\u00bbcustom\u00bb align=\u00bbalign_left\u00bb border_width=\u00bb3&#8243; el_width=\u00bb10&#8243; accent_color=\u00bb#2991d6&#8243;][\/vc_column][\/vc_row][vc_row el_class=\u00bbform-for-mobile\u00bb][vc_column][vc_column_text]<\/p>\n<div class=\"service-form-page-content\">\n<div class=\"top-content\">\n<h2 class=\"airfreight\">Solicite una cotizaci\u00f3n en 3 pasos<\/h2>\n<\/div>\n<\/div>\n<div id=\"form_offerteaanvragen\"><div class=\"frm_forms  with_frm_style frm_style_formidable-style\" id=\"frm_form_41_container\" >\n<form enctype=\"multipart\/form-data\" method=\"post\" class=\"frm-show-form  frm_js_validate  frm_ajax_submit  frm_pro_form \" id=\"form_offerteaanvragen55\" >\n<div class=\"frm_form_fields \">\n<fieldset>\n<legend class=\"frm_screen_reader\">Offerte aanvragen (luchtvracht,zeevracht) ES<\/legend>\r\n\r\n<div class=\"frm_fields_container\">\n<input type=\"hidden\" name=\"frm_action\" value=\"create\" \/>\n<input type=\"hidden\" name=\"form_id\" value=\"41\" \/>\n<input type=\"hidden\" name=\"frm_hide_fields_41\" id=\"frm_hide_fields_41\" value=\"\" \/>\n<input type=\"hidden\" name=\"form_key\" value=\"offerteaanvragen55\" \/>\n<input type=\"hidden\" name=\"item_meta[0]\" value=\"\" \/>\n<input type=\"hidden\" id=\"frm_submit_entry_41\" name=\"frm_submit_entry_41\" value=\"adee5ee847\" \/><input type=\"hidden\" name=\"_wp_http_referer\" value=\"\/es\/wp-json\/wp\/v2\/pages\/708\" \/><div id=\"frm_field_417_container\" class=\"frm_form_field form-field  frm_required_field frm_top_container frm_full form-sec-main radio-btn verzend-options frm_three_col\">\r\n    <div  id=\"field_7clxa53_label\" class=\"frm_primary_label\">Yo mando un\r\n        <span class=\"frm_required\">*<\/span>\r\n    <\/div>\r\n    <div class=\"frm_opt_container\" aria-labelledby=\"field_7clxa53_label\" role=\"radiogroup\" aria-required=\"true\">\t\t<div class=\"frm_radio\" id=\"frm_radio_417-0\">\t\t\t<label  for=\"field_7clxa53-0\">\n\t\t\t\t\t<input type=\"radio\" name=\"item_meta[417]\" id=\"field_7clxa53-0\" value=\"Paquetes\"\n\t\t data-reqmsg=\"Este campo no puede estar vac\u00edo.\" data-invmsg=\"Yo mando un no es v\u00e1lido\"   \/> Paquetes<\/label><\/div>\n\t\t<div class=\"frm_radio\" id=\"frm_radio_417-1\">\t\t\t<label  for=\"field_7clxa53-1\">\n\t\t\t\t\t<input type=\"radio\" name=\"item_meta[417]\" id=\"field_7clxa53-1\" value=\"Paleta\"\n\t\t data-reqmsg=\"Este campo no puede estar vac\u00edo.\" data-invmsg=\"Yo mando un no es v\u00e1lido\"   \/> Paleta<\/label><\/div>\n\t\t<div class=\"frm_radio\" id=\"frm_radio_417-2\">\t\t\t<label  for=\"field_7clxa53-2\">\n\t\t\t\t\t<input type=\"radio\" name=\"item_meta[417]\" id=\"field_7clxa53-2\" value=\"Contenedor\"\n\t\t data-reqmsg=\"Este campo no puede estar vac\u00edo.\" data-invmsg=\"Yo mando un no es v\u00e1lido\"   \/> Contenedor<\/label><\/div>\n<\/div>\r\n    \r\n    \r\n<\/div>\n<div id=\"frm_field_418_container\" class=\"frm_form_field frm_section_heading form-field  form-sec2\">\r\n<h3 class=\"frm_pos_top frm_section_spacing\">Especificaciones de env\u00edo <span>(opcional)<\/span><\/h3>\r\n\r\n\r\n<\/div>\n<div id=\"frm_field_420_container\" class=\"frm_form_field frm_section_heading form-field  form-sec2 custom-text\">\r\n<h3 class=\"frm_pos_top frm_section_spacing\"><\/h3>\r\n\r\n<input type=\"hidden\" name=\"item_meta[420][form]\" value=\"42\" class=\"frm_dnc\" \/>\n\t\t\t<div id=\"frm_section_420-0\" class=\"frm_repeat_sec frm_repeat_420 frm_first_repeat frm_grid_container\">\n<input type=\"hidden\" name=\"item_meta[420][row_ids][]\" value=\"0\" \/><input type=\"hidden\" name=\"item_meta[420][0][0]\" value=\"\" \/><div id=\"frm_field_421-420-0_container\" class=\"frm_form_field form-field  frm_required_field frm_left_container frm_field_421_container\">\r\n    <label for=\"field_jrk6r43-0\" id=\"field_jrk6r43-0_label\" class=\"frm_primary_label\">De\r\n        <span class=\"frm_required\">*<\/span>\r\n    <\/label>\r\n    <input  type=\"text\" id=\"field_jrk6r43-0\" name=\"item_meta[420][0][421]\" value=\"\"  data-sectionid=\"420\"  placeholder=\"Elige lugar...\" data-reqmsg=\"Este campo no puede estar vac\u00edo.\" aria-required=\"true\" data-invmsg=\"Text is invalid\" aria-invalid=\"false\"   \/>\r\n    \r\n    \r\n<\/div>\n<div id=\"frm_field_422-420-0_container\" class=\"frm_form_field form-field  frm_required_field frm_left_container frm_field_422_container\">\r\n    <label for=\"field_u46da43-0\" id=\"field_u46da43-0_label\" class=\"frm_primary_label\">A\r\n        <span class=\"frm_required\">*<\/span>\r\n    <\/label>\r\n    <input  type=\"text\" id=\"field_u46da43-0\" name=\"item_meta[420][0][422]\" value=\"\"  data-sectionid=\"420\"  placeholder=\"Elige lugar...\" data-reqmsg=\"Este campo no puede estar vac\u00edo.\" aria-required=\"true\" data-invmsg=\"Text is invalid\" aria-invalid=\"false\"   \/>\r\n    \r\n    \r\n<\/div>\n<div id=\"frm_field_423-420-0_container\" class=\"frm_form_field form-field  frm_right_container frm_field_423_container\">\r\n    <label for=\"field_9fg1b53-0\" id=\"field_9fg1b53-0_label\" class=\"frm_primary_label\">cm\r\n        <span class=\"frm_required\"><\/span>\r\n    <\/label>\r\n    <input  type=\"text\" id=\"field_9fg1b53-0\" name=\"item_meta[420][0][423]\" value=\"\"  data-sectionid=\"420\"  placeholder=\"Longitud\" data-invmsg=\"Text is invalid\" aria-invalid=\"false\"   \/>\r\n    \r\n    \r\n<\/div>\n<div id=\"frm_field_424-420-0_container\" class=\"frm_form_field form-field  frm_right_container frm_field_424_container\">\r\n    <label for=\"field_82jio43-0\" id=\"field_82jio43-0_label\" class=\"frm_primary_label\">cm\r\n        <span class=\"frm_required\"><\/span>\r\n    <\/label>\r\n    <input  type=\"text\" id=\"field_82jio43-0\" name=\"item_meta[420][0][424]\" value=\"\"  data-sectionid=\"420\"  placeholder=\"Ancho\" data-invmsg=\"Text is invalid\" aria-invalid=\"false\"   \/>\r\n    \r\n    \r\n<\/div>\n<div id=\"frm_field_425-420-0_container\" class=\"frm_form_field form-field  frm_right_container frm_field_425_container\">\r\n    <label for=\"field_jbj9f43-0\" id=\"field_jbj9f43-0_label\" class=\"frm_primary_label\">cm\r\n        <span class=\"frm_required\"><\/span>\r\n    <\/label>\r\n    <input  type=\"text\" id=\"field_jbj9f43-0\" name=\"item_meta[420][0][425]\" value=\"\"  data-sectionid=\"420\"  placeholder=\"Altura\" data-invmsg=\"Text is invalid\" aria-invalid=\"false\"   \/>\r\n    \r\n    \r\n<\/div>\n<div id=\"frm_field_426-420-0_container\" class=\"frm_form_field form-field  frm_right_container frm_field_426_container\">\r\n    <label for=\"field_65hbo43-0\" id=\"field_65hbo43-0_label\" class=\"frm_primary_label\">kg\r\n        <span class=\"frm_required\"><\/span>\r\n    <\/label>\r\n    <input  type=\"text\" id=\"field_65hbo43-0\" name=\"item_meta[420][0][426]\" value=\"\"  data-sectionid=\"420\"  placeholder=\"Peso\" data-invmsg=\"Text is invalid\" aria-invalid=\"false\"   \/>\r\n    \r\n    \r\n<\/div>\n<div id=\"frm_field_496-420-0_container\" class=\"frm_form_field form-field  frm_right_container frm12 specificeer frm_field_496_container\">\n    <label for=\"field_qm7ph-0\" id=\"field_qm7ph-0_label\" class=\"frm_primary_label\">Specificeer maat\n        <span class=\"frm_required\" aria-hidden=\"true\"><\/span>\n    <\/label>\n    \t\t<select name=\"item_meta[420][0][496]\" id=\"field_qm7ph-0\"  data-sectionid=\"420\"  data-placeholder=\"Specificeer maat\"  placeholder=\"Specificeer maat\" data-invmsg=\"Specificeer maat no es v\u00e1lido\" aria-invalid=\"false\"  >\n\t\t<option  class=\"frm-select-placeholder\" value=\"\" data-placeholder=\"true\">Specificeer maat<\/option><option  value=\"20ft \u00e0 5.90 x 2.35 x 2.39 meter\">20ft \u00e0 5.90 x 2.35 x 2.39 meter<\/option><option  value=\"20ft reefer \u00e0 5.44 x 2.26 x 2.24 meter\">20ft reefer \u00e0 5.44 x 2.26 x 2.24 meter<\/option><option  value=\"40ft \u00e0  12.05 x 2.35 x 2.36 meter\">40ft \u00e0  12.05 x 2.35 x 2.36 meter<\/option><option  value=\"40ft high cube \u00e0 12.05 x 2.35 x 2.36 meter\">40ft high cube \u00e0 12.05 x 2.35 x 2.36 meter<\/option><option  value=\"45ft high cube \u00e0 2.35 x 2.70 x 3.34 meter\">45ft high cube \u00e0 2.35 x 2.70 x 3.34 meter<\/option>\t<\/select>\n\t\n    \n    \n<\/div>\n<div id=\"frm_field_427-420-0_container\" class=\"frm_form_field  frm_html_container frm_field_427_container form-field\">\n<h3>\u00bfTama\u00f1o diferente? Especifique abajo<br \/>Si no lo sabe, estaremos encantados de ayudarle.<\/h3>\n<\/div>\n<div class=\"frm_form_field frm_hidden_container frm_repeat_buttons \"><a href=\"#\" class=\"frm_add_form_row frm_button\" data-parent=\"420\" aria-label=\"A\u00f1adir\"><svg  viewBox=\"0 0 20 20\" width=\"1em\" height=\"1em\" class=\"frmsvg frm-svg-icon\">\n\t<title>plus1<\/title>\n\t<path d=\"M11 5H9v4H5v2h4v4h2v-4h4V9h-4V5zm-1-5a10 10 0 1 0 0 20 10 10 0 0 0 0-20zm0 18a8 8 0 1 1 0-16 8 8 0 0 1 0 16z\"><\/path>\n\n<\/svg> nog een zending toevoegen<\/a>\n<a href=\"#\" class=\"frm_remove_form_row frm_button\" data-key=\"0\" data-parent=\"420\" aria-label=\"Eliminar\"><svg  viewBox=\"0 0 20 20\" width=\"1em\" height=\"1em\" class=\"frmsvg frm-svg-icon\">\n\t<title>minus1<\/title>\n\t<path d=\"M5 9v2h10V9H5zm5-9a10 10 0 1 0 0 20 10 10 0 0 0 0-20zm0 18a8 8 0 1 1 0-16 8 8 0 0 1 0 16z\"><\/path>\n\n<\/svg> Remove<\/a> <\/div><\/div>\n\r\n<\/div>\n<div id=\"frm_field_429_container\" class=\"frm_form_field form-field  frm_top_container form-sec2 checkbox-sec\">\r\n    <label for=\"field_fbr9r3\" id=\"field_fbr9r3_label\" class=\"frm_primary_label\">Datos relativos a mi env\u00edo <span>(opcional)<\/span>\r\n        <span class=\"frm_required\"><\/span>\r\n    <\/label>\r\n    <input  type=\"text\" id=\"field_fbr9r3\" name=\"item_meta[429]\" value=\"\"  data-invmsg=\"Text is invalid\" aria-invalid=\"false\"   \/>\r\n    \r\n    \r\n<\/div>\n<div id=\"frm_field_430_container\" class=\"frm_form_field frm_section_heading form-field  form-sec3\">\r\n<h3 class=\"frm_pos_top frm_section_spacing\">Mis detalles<\/h3>\r\n\r\n\r\n<div id=\"frm_field_431_container\" class=\"frm_form_field form-field  frm_required_field frm_top_container frm_third frm_first\">\r\n    <label for=\"field_name-volledig55\" id=\"field_name-volledig55_label\" class=\"frm_primary_label\">Nombre completo\r\n        <span class=\"frm_required\">*<\/span>\r\n    <\/label>\r\n    <input  type=\"text\" id=\"field_name-volledig55\" name=\"item_meta[431]\" value=\"\"  data-sectionid=\"430\"  data-reqmsg=\"Este campo no puede estar vac\u00edo.\" aria-required=\"true\" data-invmsg=\"Text is invalid\" aria-invalid=\"false\"   \/>\r\n    \r\n    \r\n<\/div>\n<div id=\"frm_field_432_container\" class=\"frm_form_field form-field  frm_required_field frm_top_container frm_third\">\r\n    <label for=\"field_telephone55\" id=\"field_telephone55_label\" class=\"frm_primary_label\">N\u00famero de tel\u00e9fono\r\n        <span class=\"frm_required\">*<\/span>\r\n    <\/label>\r\n    <input type=\"tel\" id=\"field_telephone55\" name=\"item_meta[432]\" value=\"\"  data-reqmsg=\"Este campo no puede estar vac\u00edo.\" aria-required=\"true\" data-invmsg=\"El tel\u00e9fono no es v\u00e1lido\" aria-invalid=\"false\" pattern=\"((\\+\\d{1,3}(-|.| )?\\(?\\d\\)?(-| |.)?\\d{1,5})|(\\(?\\d{2,6}\\)?))(-|.| )?(\\d{3,4})(-|.| )?(\\d{4})(( x| ext)\\d{1,5}){0,1}$\"  \/>\r\n    \r\n    \r\n<\/div>\n<div id=\"frm_field_433_container\" class=\"frm_form_field form-field  frm_required_field frm_top_container frm_third\">\r\n    <label for=\"field_email55\" id=\"field_email55_label\" class=\"frm_primary_label\">Correo electr\u00f3nico\r\n        <span class=\"frm_required\">*<\/span>\r\n    <\/label>\r\n    <input type=\"email\" id=\"field_email55\" name=\"item_meta[433]\" value=\"\"  data-sectionid=\"430\"  data-reqmsg=\"Este campo no puede estar vac\u00edo.\" aria-required=\"true\" data-invmsg=\"El correo electr\u00f3nico no es v\u00e1lido.\" aria-invalid=\"false\"  \/>\r\n    \r\n    \r\n<\/div>\n<div id=\"frm_field_434_container\" class=\"frm_form_field form-field  frm_required_field frm_top_container frm_full privacy vertical_radio\">\r\n    <div  id=\"field_edror55_label\" class=\"frm_primary_label\">\r\n        <span class=\"frm_required\">*<\/span>\r\n    <\/div>\r\n    <div class=\"frm_opt_container\" aria-labelledby=\"field_edror55_label\" role=\"group\">\t\t<div class=\"frm_checkbox\" id=\"frm_checkbox_434-430-0\">\t\t\t<label  for=\"field_edror55-0\">\n\t\t\t<input type=\"checkbox\" name=\"item_meta[434][]\" id=\"field_edror55-0\" value=\"Estoy de acuerdo con &lt;a href=&quot;https:\/\/transolution.net\/wp-content\/uploads\/2019\/11\/Transolution-privacyverklaring.pdf&quot; rel=&quot;noopener noreferrer&quot; target=&quot;_blank&quot;&gt;la pol\u00edtica de privacidad&lt;\/a&gt; de Transolutions B.V.\"  data-sectionid=\"430\"  data-reqmsg=\"This field cannot be blank.\" data-invmsg=\"Este campo no es v\u00e1lido\"   aria-required=\"true\"  \/> Estoy de acuerdo con <a href=\"https:\/\/transolution.net\/wp-content\/uploads\/2019\/11\/Transolution-privacyverklaring.pdf\" rel=\"noopener noreferrer\" target=\"_blank\">la pol\u00edtica de privacidad<\/a> de Transolutions B.V.<\/label><\/div>\n<\/div>\r\n    \r\n    \r\n<\/div>\n<div id=\"frm_field_470_container\" class=\"frm_form_field form-field  frm_none_container frm_third\">\r\n    <label for=\"g-recaptcha-response\" id=\"field_svlx8_label\" class=\"frm_primary_label\">Captcha\r\n        <span class=\"frm_required\"><\/span>\r\n    <\/label>\r\n    <div  id=\"field_svlx8\" class=\"g-recaptcha\" data-sitekey=\"6LeAnaYgAAAAAM-U7zw45tQ7XdJ23ms-sovZpgUL\" data-size=\"normal\" data-theme=\"light\"><\/div>\r\n    \r\n    \r\n<\/div>\n<\/div>\n\t<input type=\"hidden\" name=\"item_key\" value=\"\" \/>\n\t\t\t<div id=\"frm_field_812_container\">\n\t\t\t<label for=\"field_bpnw7\" >\n\t\t\t\tSi eres humano, deja este campo en blanco.\t\t\t<\/label>\n\t\t\t<input  id=\"field_bpnw7\" type=\"text\" class=\"frm_form_field form-field frm_verify\" name=\"item_meta[812]\" value=\"\"  \/>\n\t\t<\/div>\n\t\t<input name=\"frm_state\" type=\"hidden\" value=\"PiqTIFaynXyUd\/bQZrDf14xDpJQrfmB01ssNHcrFcYKZLvUSidFFeTxBopcwQHoW\" \/><div class=\"frm_submit form-sec3\">\r\n\r\n<button class=\"frm_button_submit frm_final_submit\" type=\"submit\"   formnovalidate=\"formnovalidate\"><span class=\"button-text\">Enviar presupuesto<\/span><\/button>\r\n\r\n<\/div><\/div>\n<\/fieldset>\n<\/div>\n\n<\/form>\n<\/div>\n<\/div>\n<p>[\/vc_column_text][\/vc_column][\/vc_row][\/vc_section][vc_section el_class=\u00bbservice-inner-content\u00bb][vc_row][vc_column][vc_custom_heading text=\u00bbEnv\u00edo sencillo, econ\u00f3mico y seguro de su carga mar\u00edtima\u00bb use_theme_fonts=\u00bbyes\u00bb el_class=\u00bbairfreight\u00bb][vc_column_text]El transporte mar\u00edtimo de bienes es una opci\u00f3n atractiva. Transolution ofrece FCL (Full Container Load) y LCL (Less Container Load). Con FCL, usted compra el contenedor completo y con LCL, un contenedor mar\u00edtimo se comparte con otros env\u00edos, ahorr\u00e1ndole costes y optando por la opci\u00f3n ecol\u00f3gica.<\/p>\n<p>Transolution maneja carga mar\u00edtima de cualquier tama\u00f1o en todo el mundo. Usted determina el puerto de carga o de salida deseado, el puerto de destino y la hora de llegada. Puede seguirlo mediante el sistema Track &amp; Trace. Adem\u00e1s, ofrecemos env\u00edos de bienes entre terceros paises, cuyo transporte no pasa por los Pa\u00edses Bajos.<br \/>\n[\/vc_column_text][vc_column_text el_class=\u00bbright-side-image\u00bb]<\/p>\n<ul class=\"service-list\">\n<li>Todos los principales puertos mar\u00edtimos del mundo.<\/li>\n<li>Opci\u00f3n de transporte seguro, cuidadoso y f\u00e1cil<\/li>\n<li>Tarifas muy competitivas<\/li>\n<li>Costes m\u00ednimos, m\u00e1xima agilidad log\u00edstica<\/li>\n<li>Mayor previsibilidad de la hora de llegada de sus bienes<\/li>\n<li>Siga su carga con el sistema Track &amp; Trace<\/li>\n<\/ul>\n<p>[\/vc_column_text][\/vc_column][\/vc_row][\/vc_section][vc_section el_class=\u00bbservice-inner-content\u00bb][vc_row][vc_column][vc_custom_heading text=\u00bbEspecializados y certificados en transporte mar\u00edtimo\u00bb use_theme_fonts=\u00bbyes\u00bb el_class=\u00bbdiploma\u00bb][vc_column_text]Transolution es el especialista en transporte mar\u00edtimo de carga, con un servicio integral. Tenemos asociaciones globales con compa\u00f1\u00edas navieras, agentes y consolidadores, transportistas que operan servicios de transporte en el extranjero, sin poseer ning\u00fan barco.[\/vc_column_text][\/vc_column][\/vc_row][\/vc_section][vc_section el_class=\u00bbservice-inner-content\u00bb][vc_row][vc_column][vc_custom_heading text=\u00bb\u00bfQu\u00e9 otras posibilidades ofrece Transolution?\u00bb use_theme_fonts=\u00bbyes\u00bb el_class=\u00bbhint\u00bb][vc_column_text]Cuando se trata de transporte mar\u00edtimo, usted tambi\u00e9n tiene que tratar con las aduanas, las regulaciones legales y todo tipo de asuntos administrativos. Transolution proporciona transporte mar\u00edtimo de carga a medida, aliviando todas sus preocupaciones de principio a fin. Como transitario internacional, nos encargamos del seguro de transporte, pre y post transporte, la preparaci\u00f3n de los documentos de transporte y el despacho de aduanas seg\u00fan sea necesario. Recibir\u00e1 la carga de acuerdo a sus deseos: de puerto a puerto, de puerta a puerto en el extranjero, de puerto de salida a puerta o de puerta a puerta.[\/vc_column_text][vc_column_text]<\/p>\n<div class=\"col-70\">\n<ul class=\"service-list hveffect\">\n<li>Asegurando totalmente su carga mar\u00edtima<\/li>\n<li>Env\u00edo puerta a puerta<\/li>\n<li>Declaraciones y manejo de documentos<\/li>\n<li>Procesamiento completo de las importaciones, incluyendo el almacenamiento de bienes y la distribuci\u00f3n<\/li>\n<\/ul>\n<\/div>\n<div class=\"col-30\"><img decoding=\"async\" src=\"https:\/\/transolution.net\/wp-content\/uploads\/2019\/08\/listing.png\" alt=\"null\" \/><\/div>\n<p>[\/vc_column_text][\/vc_column][\/vc_row][\/vc_section][vc_section el_class=\u00bbservice-inner-content\u00bb][vc_row el_class=\u00bbsee-more\u00bb][vc_column][vc_custom_heading text=\u00bbConsulte los servicios de Transolution en:\u00bb use_theme_fonts=\u00bbyes\u00bb css_animation=\u00bbfadeIn\u00bb][\/vc_column][\/vc_row][vc_row equal_height=\u00bbyes\u00bb el_class=\u00bbno-margin\u00bb][vc_column width=\u00bb1\/2&#8243; el_class=\u00bbitem one\u00bb][vc_custom_heading text=\u00bbTransporte a\u00e9reo de carga\u00bb font_container=\u00bbtag:h3|text_align:center\u00bb use_theme_fonts=\u00bbyes\u00bb css_animation=\u00bbfadeIn\u00bb][vc_column_text]\u00bfDesea enviar paquetes o paletas por v\u00eda a\u00e9rea? \u00a1Vea las posibilidades aqu\u00ed![\/vc_column_text][vc_single_image image=\u00bb800&#8243; img_size=\u00bbfull\u00bb alignment=\u00bbcenter\u00bb css_animation=\u00bbnone\u00bb el_class=\u00bbhvr-bob\u00bb][vc_column_text css_animation=\u00bbfadeIn\u00bb el_class=\u00bbmore-about\u00bb]<a href=\"\/es\/transporte-aereo-de-carga\/\">M\u00e1s informaci\u00f3n sobre el transporte a\u00e9reo de carga<\/a>[\/vc_column_text][\/vc_column][vc_column width=\u00bb1\/2&#8243; el_class=\u00bbitem two\u00bb][vc_custom_heading text=\u00bbContacto\u00bb font_container=\u00bbtag:h3|text_align:center\u00bb use_theme_fonts=\u00bbyes\u00bb css_animation=\u00bbfadeIn\u00bb][vc_column_text]\u00bfDesea ponerse en contacto con nosotros para saber qu\u00e9 podemos hacer por usted? \u00a1Vaya a nuestra p\u00e1gina de contacto![\/vc_column_text][vc_single_image image=\u00bb702&#8243; img_size=\u00bb80&#8243; alignment=\u00bbcenter\u00bb css_animation=\u00bbnone\u00bb el_class=\u00bbhvr-bob\u00bb][vc_column_text css_animation=\u00bbfadeIn\u00bb el_class=\u00bbmore-about\u00bb]<a href=\"\/es\/contacto\/\">Cont\u00e1ctenos<\/a>[\/vc_column_text][\/vc_column][\/vc_row][vc_row equal_height=\u00bbyes\u00bb el_class=\u00bbno-margin\u00bb][vc_column width=\u00bb1\/2&#8243; el_class=\u00bbitem three\u00bb][vc_custom_heading text=\u00bbAduana\u00bb font_container=\u00bbtag:h3|text_align:center\u00bb use_theme_fonts=\u00bbyes\u00bb css_animation=\u00bbfadeIn\u00bb][vc_column_text]\u00bfDesea tener asesoramiento experto en la preparaci\u00f3n de todos los formularios de aduana? \u00a1Lea m\u00e1s en nuestra p\u00e1gina de aduana![\/vc_column_text][vc_single_image image=\u00bb700&#8243; img_size=\u00bbfull\u00bb alignment=\u00bbcenter\u00bb css_animation=\u00bbnone\u00bb el_class=\u00bbhvr-bob\u00bb][vc_column_text css_animation=\u00bbfadeIn\u00bb el_class=\u00bbmore-about\u00bb]<a href=\"\/es\/aduana\/\">M\u00e1s informaci\u00f3n sobre aduana<\/a>[\/vc_column_text][\/vc_column][vc_column width=\u00bb1\/2&#8243; el_class=\u00bbitem four\u00bb][vc_custom_heading text=\u00bbTienda en linea\u00bb font_container=\u00bbtag:h3|text_align:center\u00bb use_theme_fonts=\u00bbyes\u00bb css_animation=\u00bbfadeIn\u00bb][vc_column_text]\u00bfNecesita embalajes para el transporte de sus bienes? \u00a1Vaya a nuestra tienda en linea![\/vc_column_text][vc_single_image image=\u00bb701&#8243; img_size=\u00bbfull\u00bb alignment=\u00bbcenter\u00bb css_animation=\u00bbnone\u00bb el_class=\u00bbhvr-bob\u00bb][vc_column_text css_animation=\u00bbfadeIn\u00bb el_class=\u00bbmore-about\u00bb]<a href=\"\/es\/webshop\/\">Ver productos<\/a>[\/vc_column_text][\/vc_column][\/vc_row][\/vc_section]<\/p>\n<\/div>","protected":false},"excerpt":{"rendered":"<p>[vc_section el_class=\u00bbservice-heading-text\u00bb][vc_row][vc_column][vc_column_text] \u00bfDesea importar o exportar bienes personales o comerciales por transporte mar\u00edtimo y busca un transitario mar\u00edtimo fiable y asequible? Transolution tiene el conocimiento y la experiencia y tiene la red para llevar sus paquetes a su destino en todo el mundo. [\/vc_column_text][\/vc_column][\/vc_row][vc_row el_class=\u00bbservice-custom-heading\u00bb][vc_column][vc_column_text] Descubra todas las posibilidades para su carga en la columna [&hellip;]<\/p>\n","protected":false},"author":1,"featured_media":797,"parent":0,"menu_order":0,"comment_status":"closed","ping_status":"closed","template":"service-template.php","meta":{"inline_featured_image":false,"footnotes":""},"categories":[],"tags":[],"class_list":["post-708","page","type-page","status-publish","has-post-thumbnail","hentry"],"_links":{"self":[{"href":"https:\/\/transolution.net\/es\/wp-json\/wp\/v2\/pages\/708","targetHints":{"allow":["GET"]}}],"collection":[{"href":"https:\/\/transolution.net\/es\/wp-json\/wp\/v2\/pages"}],"about":[{"href":"https:\/\/transolution.net\/es\/wp-json\/wp\/v2\/types\/page"}],"author":[{"embeddable":true,"href":"https:\/\/transolution.net\/es\/wp-json\/wp\/v2\/users\/1"}],"replies":[{"embeddable":true,"href":"https:\/\/transolution.net\/es\/wp-json\/wp\/v2\/comments?post=708"}],"version-history":[{"count":11,"href":"https:\/\/transolution.net\/es\/wp-json\/wp\/v2\/pages\/708\/revisions"}],"predecessor-version":[{"id":990,"href":"https:\/\/transolution.net\/es\/wp-json\/wp\/v2\/pages\/708\/revisions\/990"}],"wp:featuredmedia":[{"embeddable":true,"href":"https:\/\/transolution.net\/es\/wp-json\/wp\/v2\/media\/797"}],"wp:attachment":[{"href":"https:\/\/transolution.net\/es\/wp-json\/wp\/v2\/media?parent=708"}],"wp:term":[{"taxonomy":"category","embeddable":true,"href":"https:\/\/transolution.net\/es\/wp-json\/wp\/v2\/categories?post=708"},{"taxonomy":"post_tag","embeddable":true,"href":"https:\/\/transolution.net\/es\/wp-json\/wp\/v2\/tags?post=708"}],"curies":[{"name":"wp","href":"https:\/\/api.w.org\/{rel}","templated":true}]}}