{"id":712,"date":"2019-11-04T15:58:45","date_gmt":"2019-11-04T15:58:45","guid":{"rendered":"https:\/\/transolution.net\/?page_id=712"},"modified":"2023-10-13T12:44:16","modified_gmt":"2023-10-13T12:44:16","slug":"envio-de-carga","status":"publish","type":"page","link":"https:\/\/transolution.net\/es\/envio-de-carga\/","title":{"rendered":"Env\u00edo de carga"},"content":{"rendered":"<div class=\"wpb-content-wrapper\"><p>[vc_section el_class=\u00bbform-page-content\u00bb][vc_row el_class=\u00bbtop-content\u00bb][vc_column][vc_row_inner][vc_column_inner el_class=\u00bbright-side\u00bb width=\u00bb1\/2&#8243;][vc_custom_heading text=\u00bbSolicite una oferta en 3 pasos\u00bb use_theme_fonts=\u00bbyes\u00bb el_class=\u00bbairfreight\u00bb][\/vc_column_inner][vc_column_inner el_class=\u00bbleft-side\u00bb width=\u00bb1\/2&#8243;][vc_column_text]<\/p>\n<ul class=\"service-list\">\n<li>Con nosotros usted se beneficia de los precios competitivos<\/li>\n<\/ul>\n<p>[\/vc_column_text][\/vc_column_inner][\/vc_row_inner][\/vc_column][\/vc_row][\/vc_section][vc_section el_class=\u00bbmain-form-page\u00bb][vc_row][vc_column][vc_column_text el_id=\u00bbform_offerteaanvragen\u00bb]<div class=\"frm_forms  with_frm_style frm_style_formidable-style\" id=\"frm_form_43_container\" >\n<form enctype=\"multipart\/form-data\" method=\"post\" class=\"frm-show-form  frm_js_validate  frm_ajax_submit  frm_pro_form \" id=\"form_offerteaanvragen32\" >\n<div class=\"frm_form_fields \">\n<fieldset>\n<legend class=\"frm_screen_reader\">Offerte aanvragen ES<\/legend>\r\n\r\n<div class=\"frm_fields_container\">\n<input type=\"hidden\" name=\"frm_action\" value=\"create\" \/>\n<input type=\"hidden\" name=\"form_id\" value=\"43\" \/>\n<input type=\"hidden\" name=\"frm_hide_fields_43\" id=\"frm_hide_fields_43\" value=\"\" \/>\n<input type=\"hidden\" name=\"form_key\" value=\"offerteaanvragen32\" \/>\n<input type=\"hidden\" name=\"item_meta[0]\" value=\"\" \/>\n<input type=\"hidden\" id=\"frm_submit_entry_43\" name=\"frm_submit_entry_43\" value=\"b39369d126\" \/><input type=\"hidden\" name=\"_wp_http_referer\" value=\"\/es\/wp-json\/wp\/v2\/pages\/712\" \/><div id=\"frm_field_436_container\" class=\"frm_form_field form-field  frm_required_field frm_top_container frm_full form-sec-main radio-btn verzend-options frm_three_col\">\r\n    <div  id=\"field_yckdn32_label\" class=\"frm_primary_label\">Yo mando un\r\n        <span class=\"frm_required\">*<\/span>\r\n    <\/div>\r\n    <div class=\"frm_opt_container\" aria-labelledby=\"field_yckdn32_label\" role=\"radiogroup\" aria-required=\"true\">\t\t<div class=\"frm_radio\" id=\"frm_radio_436-0\">\t\t\t<label  for=\"field_yckdn32-0\">\n\t\t\t\t\t<input type=\"radio\" name=\"item_meta[436]\" id=\"field_yckdn32-0\" value=\"Paquetes\"\n\t\t data-reqmsg=\"Este campo no puede estar vac\u00edo.\" data-invmsg=\"Yo mando un no es v\u00e1lido\"   \/> Paquetes<\/label><\/div>\n\t\t<div class=\"frm_radio\" id=\"frm_radio_436-1\">\t\t\t<label  for=\"field_yckdn32-1\">\n\t\t\t\t\t<input type=\"radio\" name=\"item_meta[436]\" id=\"field_yckdn32-1\" value=\"Paleta\"\n\t\t data-reqmsg=\"Este campo no puede estar vac\u00edo.\" data-invmsg=\"Yo mando un no es v\u00e1lido\"   \/> Paleta<\/label><\/div>\n\t\t<div class=\"frm_radio\" id=\"frm_radio_436-2\">\t\t\t<label  for=\"field_yckdn32-2\">\n\t\t\t\t\t<input type=\"radio\" name=\"item_meta[436]\" id=\"field_yckdn32-2\" value=\"Contenedor\"\n\t\t data-reqmsg=\"Este campo no puede estar vac\u00edo.\" data-invmsg=\"Yo mando un no es v\u00e1lido\"   \/> Contenedor<\/label><\/div>\n<\/div>\r\n    \r\n    \r\n<\/div>\n<div id=\"frm_field_437_container\" class=\"frm_form_field frm_section_heading form-field  form-sec2\">\r\n<h3 class=\"frm_pos_top frm_section_spacing\">Especificaciones de env\u00edo <span>(opcional)<\/span><\/h3>\r\n\r\n\r\n<\/div>\n<div id=\"frm_field_439_container\" class=\"frm_form_field frm_section_heading form-field  form-sec2 custom-text\">\r\n<h3 class=\"frm_pos_top frm_section_spacing\"><\/h3>\r\n\r\n<input type=\"hidden\" name=\"item_meta[439][form]\" value=\"44\" class=\"frm_dnc\" \/>\n\t\t\t<div id=\"frm_section_439-0\" class=\"frm_repeat_sec frm_repeat_439 frm_first_repeat frm_grid_container\">\n<input type=\"hidden\" name=\"item_meta[439][row_ids][]\" value=\"0\" \/><input type=\"hidden\" name=\"item_meta[439][0][0]\" value=\"\" \/><div id=\"frm_field_440-439-0_container\" class=\"frm_form_field form-field  frm_inside_container frm_field_440_container\">\r\n    <label for=\"field_e19wo32-0\" id=\"field_e19wo32-0_label\" class=\"frm_primary_label\">\r\n        <span class=\"frm_required\"><\/span>\r\n    <\/label>\r\n    \t\t<select name=\"item_meta[439][0][440]\" id=\"field_e19wo32-0\"  data-sectionid=\"439\"  data-invmsg=\"Este campo no es v\u00e1lido\" aria-invalid=\"false\"  >\n\t\t<option  value=\"Transporte a\u00e9reo de carga\">Transporte a\u00e9reo de carga<\/option><option  value=\"Transporte mar\u00edtimo de carga\">Transporte mar\u00edtimo de carga<\/option>\t<\/select>\n\t\r\n    \r\n    \r\n<\/div>\n<div id=\"frm_field_458-439-0_container\" class=\"frm_form_field form-field  frm_inside_container frm_field_458_container\">\r\n    <label for=\"field_q8ldy-0\" id=\"field_q8ldy-0_label\" class=\"frm_primary_label\">\r\n        <span class=\"frm_required\"><\/span>\r\n    <\/label>\r\n    \t\t<select name=\"item_meta[439][0][458]\" id=\"field_q8ldy-0\"  data-sectionid=\"439\"  data-invmsg=\"Este campo no es v\u00e1lido\" aria-invalid=\"false\"  >\n\t\t<option  value=\"Transporte mar\u00edtimo de carga\">Transporte mar\u00edtimo de carga<\/option>\t<\/select>\n\t\r\n    \r\n    \r\n<\/div>\n<div id=\"frm_field_441-439-0_container\" class=\"frm_form_field form-field  frm_required_field frm_left_container frm_field_441_container\">\r\n    <label for=\"field_jrk6r32-0\" id=\"field_jrk6r32-0_label\" class=\"frm_primary_label\">De\r\n        <span class=\"frm_required\">*<\/span>\r\n    <\/label>\r\n    <input  type=\"text\" id=\"field_jrk6r32-0\" name=\"item_meta[439][0][441]\" value=\"\"  data-sectionid=\"439\"  placeholder=\"Elige lugar...\" data-reqmsg=\"Este campo no puede estar vac\u00edo.\" aria-required=\"true\" data-invmsg=\"Text is invalid\" aria-invalid=\"false\"   \/>\r\n    \r\n    \r\n<\/div>\n<div id=\"frm_field_442-439-0_container\" class=\"frm_form_field form-field  frm_required_field frm_left_container frm_field_442_container\">\r\n    <label for=\"field_u46da32-0\" id=\"field_u46da32-0_label\" class=\"frm_primary_label\">A\r\n        <span class=\"frm_required\">*<\/span>\r\n    <\/label>\r\n    <input  type=\"text\" id=\"field_u46da32-0\" name=\"item_meta[439][0][442]\" value=\"\"  data-sectionid=\"439\"  placeholder=\"Elige lugar...\" data-reqmsg=\"Este campo no puede estar vac\u00edo.\" aria-required=\"true\" data-invmsg=\"Text is invalid\" aria-invalid=\"false\"   \/>\r\n    \r\n    \r\n<\/div>\n<div id=\"frm_field_443-439-0_container\" class=\"frm_form_field form-field  frm_right_container frm_field_443_container\">\r\n    <label for=\"field_9fg1b32-0\" id=\"field_9fg1b32-0_label\" class=\"frm_primary_label\">cm\r\n        <span class=\"frm_required\"><\/span>\r\n    <\/label>\r\n    <input  type=\"text\" id=\"field_9fg1b32-0\" name=\"item_meta[439][0][443]\" value=\"\"  data-sectionid=\"439\"  placeholder=\"Longitud\" data-invmsg=\"Text is invalid\" aria-invalid=\"false\"   \/>\r\n    \r\n    \r\n<\/div>\n<div id=\"frm_field_444-439-0_container\" class=\"frm_form_field form-field  frm_right_container frm_field_444_container\">\r\n    <label for=\"field_82jio32-0\" id=\"field_82jio32-0_label\" class=\"frm_primary_label\">cm\r\n        <span class=\"frm_required\"><\/span>\r\n    <\/label>\r\n    <input  type=\"text\" id=\"field_82jio32-0\" name=\"item_meta[439][0][444]\" value=\"\"  data-sectionid=\"439\"  placeholder=\"Ancho\" data-invmsg=\"Text is invalid\" aria-invalid=\"false\"   \/>\r\n    \r\n    \r\n<\/div>\n<div id=\"frm_field_445-439-0_container\" class=\"frm_form_field form-field  frm_right_container frm_field_445_container\">\r\n    <label for=\"field_jbj9f32-0\" id=\"field_jbj9f32-0_label\" class=\"frm_primary_label\">cm\r\n        <span class=\"frm_required\"><\/span>\r\n    <\/label>\r\n    <input  type=\"text\" id=\"field_jbj9f32-0\" name=\"item_meta[439][0][445]\" value=\"\"  data-sectionid=\"439\"  placeholder=\"Altura\" data-invmsg=\"Text is invalid\" aria-invalid=\"false\"   \/>\r\n    \r\n    \r\n<\/div>\n<div id=\"frm_field_446-439-0_container\" class=\"frm_form_field form-field  frm_right_container frm_field_446_container\">\r\n    <label for=\"field_65hbo32-0\" id=\"field_65hbo32-0_label\" class=\"frm_primary_label\">kg\r\n        <span class=\"frm_required\"><\/span>\r\n    <\/label>\r\n    <input  type=\"text\" id=\"field_65hbo32-0\" name=\"item_meta[439][0][446]\" value=\"\"  data-sectionid=\"439\"  placeholder=\"Peso\" data-invmsg=\"Text is invalid\" aria-invalid=\"false\"   \/>\r\n    \r\n    \r\n<\/div>\n<div id=\"frm_field_495-439-0_container\" class=\"frm_form_field form-field  frm_right_container frm12 specificeer frm_field_495_container\">\n    <label for=\"field_ki45m-0\" id=\"field_ki45m-0_label\" class=\"frm_primary_label\">Specificeer maat\n        <span class=\"frm_required\" aria-hidden=\"true\"><\/span>\n    <\/label>\n    \t\t<select name=\"item_meta[439][0][495]\" id=\"field_ki45m-0\"  data-sectionid=\"439\"  data-placeholder=\"Specificeer maat\"  placeholder=\"Specificeer maat\" data-invmsg=\"Specificeer maat no es v\u00e1lido\" aria-invalid=\"false\"  >\n\t\t<option  class=\"frm-select-placeholder\" value=\"\" data-placeholder=\"true\">Specificeer maat<\/option><option  value=\"20ft \u00e0 5.90 x 2.35 x 2.39 meter\">20ft \u00e0 5.90 x 2.35 x 2.39 meter<\/option><option  value=\"20ft reefer \u00e0 5.44 x 2.26 x 2.24 meter\">20ft reefer \u00e0 5.44 x 2.26 x 2.24 meter<\/option><option  value=\"40ft \u00e0  12.05 x 2.35 x 2.36 meter\">40ft \u00e0  12.05 x 2.35 x 2.36 meter<\/option><option  value=\"40ft high cube \u00e0 12.05 x 2.35 x 2.36 meter\">40ft high cube \u00e0 12.05 x 2.35 x 2.36 meter<\/option><option  value=\"45ft high cube \u00e0 2.35 x 2.70 x 3.34 meter\">45ft high cube \u00e0 2.35 x 2.70 x 3.34 meter<\/option>\t<\/select>\n\t\n    \n    \n<\/div>\n<div id=\"frm_field_447-439-0_container\" class=\"frm_form_field  frm_html_container frm_field_447_container form-field\">\n<h3>\u00bfTama\u00f1o diferente? Especifique abajo<\/h3>\n<\/div>\n<div class=\"frm_form_field frm_hidden_container frm_repeat_buttons \"><a href=\"#\" class=\"frm_add_form_row frm_button\" data-parent=\"439\" aria-label=\"A\u00f1adir\"><svg  viewBox=\"0 0 20 20\" width=\"1em\" height=\"1em\" class=\"frmsvg frm-svg-icon\">\n\t<title>plus1<\/title>\n\t<path d=\"M11 5H9v4H5v2h4v4h2v-4h4V9h-4V5zm-1-5a10 10 0 1 0 0 20 10 10 0 0 0 0-20zm0 18a8 8 0 1 1 0-16 8 8 0 0 1 0 16z\"><\/path>\n\n<\/svg> nog een zending toevoegen<\/a>\n<a href=\"#\" class=\"frm_remove_form_row frm_button\" data-key=\"0\" data-parent=\"439\" aria-label=\"Eliminar\"><svg  viewBox=\"0 0 20 20\" width=\"1em\" height=\"1em\" class=\"frmsvg frm-svg-icon\">\n\t<title>minus1<\/title>\n\t<path d=\"M5 9v2h10V9H5zm5-9a10 10 0 1 0 0 20 10 10 0 0 0 0-20zm0 18a8 8 0 1 1 0-16 8 8 0 0 1 0 16z\"><\/path>\n\n<\/svg> Remove<\/a> <\/div><\/div>\n\r\n<\/div>\n<div id=\"frm_field_449_container\" class=\"frm_form_field form-field  frm_top_container form-sec2 checkbox-sec\">\r\n    <label for=\"field_glsu832\" id=\"field_glsu832_label\" class=\"frm_primary_label\">Datos relativos a mi env\u00edo <span>(opcional)<\/span>\r\n        <span class=\"frm_required\"><\/span>\r\n    <\/label>\r\n    <input  type=\"text\" id=\"field_glsu832\" name=\"item_meta[449]\" value=\"\"  data-invmsg=\"Text is invalid\" aria-invalid=\"false\"   \/>\r\n    \r\n    \r\n<\/div>\n<div id=\"frm_field_450_container\" class=\"frm_form_field frm_section_heading form-field  form-sec3\">\r\n<h3 class=\"frm_pos_top frm_section_spacing\">Mis detalles<\/h3>\r\n\r\n\r\n<div id=\"frm_field_451_container\" class=\"frm_form_field form-field  frm_required_field frm_top_container frm_third frm_first\">\r\n    <label for=\"field_name-volledig32\" id=\"field_name-volledig32_label\" class=\"frm_primary_label\">Nombre completo\r\n        <span class=\"frm_required\">*<\/span>\r\n    <\/label>\r\n    <input  type=\"text\" id=\"field_name-volledig32\" name=\"item_meta[451]\" value=\"\"  data-sectionid=\"450\"  data-reqmsg=\"Este campo no puede estar vac\u00edo.\" aria-required=\"true\" data-invmsg=\"Text is invalid\" aria-invalid=\"false\"   \/>\r\n    \r\n    \r\n<\/div>\n<div id=\"frm_field_452_container\" class=\"frm_form_field form-field  frm_required_field frm_top_container frm_third\">\r\n    <label for=\"field_telephone32\" id=\"field_telephone32_label\" class=\"frm_primary_label\">N\u00famero de tel\u00e9fono\r\n        <span class=\"frm_required\">*<\/span>\r\n    <\/label>\r\n    <input type=\"tel\" id=\"field_telephone32\" name=\"item_meta[452]\" value=\"\"  data-reqmsg=\"Este campo no puede estar vac\u00edo.\" aria-required=\"true\" data-invmsg=\"El tel\u00e9fono no es v\u00e1lido\" aria-invalid=\"false\" pattern=\"((\\+\\d{1,3}(-|.| )?\\(?\\d\\)?(-| |.)?\\d{1,5})|(\\(?\\d{2,6}\\)?))(-|.| )?(\\d{3,4})(-|.| )?(\\d{4})(( x| ext)\\d{1,5}){0,1}$\"  \/>\r\n    \r\n    \r\n<\/div>\n<div id=\"frm_field_453_container\" class=\"frm_form_field form-field  frm_required_field frm_top_container frm_third\">\r\n    <label for=\"field_email32\" id=\"field_email32_label\" class=\"frm_primary_label\">Correo electr\u00f3nico\r\n        <span class=\"frm_required\">*<\/span>\r\n    <\/label>\r\n    <input type=\"email\" id=\"field_email32\" name=\"item_meta[453]\" value=\"\"  data-sectionid=\"450\"  data-reqmsg=\"Este campo no puede estar vac\u00edo.\" aria-required=\"true\" data-invmsg=\"El correo electr\u00f3nico no es v\u00e1lido.\" aria-invalid=\"false\"  \/>\r\n    \r\n    \r\n<\/div>\n<div id=\"frm_field_454_container\" class=\"frm_form_field form-field  frm_required_field frm_top_container frm_full privacy vertical_radio\">\r\n    <div  id=\"field_edror32_label\" class=\"frm_primary_label\">\r\n        <span class=\"frm_required\">*<\/span>\r\n    <\/div>\r\n    <div class=\"frm_opt_container\" aria-labelledby=\"field_edror32_label\" role=\"group\">\t\t<div class=\"frm_checkbox\" id=\"frm_checkbox_454-450-0\">\t\t\t<label  for=\"field_edror32-0\">\n\t\t\t<input type=\"checkbox\" name=\"item_meta[454][]\" id=\"field_edror32-0\" value=\"Estoy de acuerdo con &lt;a href=&quot;https:\/\/transolution.net\/wp-content\/uploads\/2019\/11\/Transolution-privacyverklaring.pdf&quot; rel=&quot;noopener noreferrer&quot; target=&quot;_blank&quot;&gt;la pol\u00edtica de privacidad&lt;\/a&gt; de Transolutions B.V.\"  data-sectionid=\"450\"  data-reqmsg=\"This field cannot be blank.\" data-invmsg=\"Este campo no es v\u00e1lido\"   aria-required=\"true\"  \/> Estoy de acuerdo con <a href=\"https:\/\/transolution.net\/wp-content\/uploads\/2019\/11\/Transolution-privacyverklaring.pdf\" rel=\"noopener noreferrer\" target=\"_blank\">la pol\u00edtica de privacidad<\/a> de Transolutions B.V.<\/label><\/div>\n<\/div>\r\n    \r\n    \r\n<\/div>\n<div id=\"frm_field_471_container\" class=\"frm_form_field form-field  frm_none_container frm_third\">\r\n    <label for=\"g-recaptcha-response\" id=\"field_70yin_label\" class=\"frm_primary_label\">Captcha\r\n        <span class=\"frm_required\"><\/span>\r\n    <\/label>\r\n    <div  id=\"field_70yin\" class=\"g-recaptcha\" data-sitekey=\"6LeAnaYgAAAAAM-U7zw45tQ7XdJ23ms-sovZpgUL\" data-size=\"normal\" data-theme=\"light\"><\/div>\r\n    \r\n    \r\n<\/div>\n<\/div>\n\t<input type=\"hidden\" name=\"item_key\" value=\"\" \/>\n\t\t\t<div id=\"frm_field_812_container\">\n\t\t\t<label for=\"field_lyo99\" >\n\t\t\t\tSi eres humano, deja este campo en blanco.\t\t\t<\/label>\n\t\t\t<input  id=\"field_lyo99\" type=\"text\" class=\"frm_form_field form-field frm_verify\" name=\"item_meta[812]\" value=\"\"  \/>\n\t\t<\/div>\n\t\t<input name=\"frm_state\" type=\"hidden\" value=\"PiqTIFaynXyUd\/bQZrDf16s2+VZNLgwjOW8Ceud79zyZLvUSidFFeTxBopcwQHoW\" \/><div class=\"frm_submit form-sec3\">\r\n\r\n<button class=\"frm_button_submit frm_final_submit\" type=\"submit\"   formnovalidate=\"formnovalidate\"><span class=\"button-text\">Enviar presupuesto<\/span><\/button>\r\n\r\n<\/div><\/div>\n<\/fieldset>\n<\/div>\n\n<\/form>\n<\/div>\n[\/vc_column_text][\/vc_column][\/vc_row][\/vc_section][vc_section el_class=\u00bbform-page-content\u00bb][vc_row][vc_column][vc_custom_heading text=\u00bb\u00bfPor qu\u00e9 elegir Transolutions?\u00bb use_theme_fonts=\u00bbyes\u00bb][vc_row_inner el_class=\u00bbbottom-content\u00bb][vc_column_inner width=\u00bb1\/2&#8243;][vc_column_text]Transolution es su base fiable para el env\u00edo de sus bienes de forma r\u00e1pida, segura y econ\u00f3mica. Como transitario reconocido internacionalmente, tenemos la experiencia y la red para organizar su transporte a\u00e9reo o mar\u00edtimo de carga de manera eficiente y cuidadosa.[\/vc_column_text][\/vc_column_inner][vc_column_inner width=\u00bb1\/2&#8243;][vc_column_text]<\/p>\n<ul class=\"service-list\">\n<li>Corto tiempo de espera<\/li>\n<li>17 a\u00f1os de experiencia<\/li>\n<li>Amplio almac\u00e9n<\/li>\n<li>Almac\u00e9n seguro<\/li>\n<\/ul>\n<p>[\/vc_column_text][\/vc_column_inner][\/vc_row_inner][\/vc_column][\/vc_row][\/vc_section]<\/p>\n<\/div>","protected":false},"excerpt":{"rendered":"<p>[vc_section el_class=\u00bbform-page-content\u00bb][vc_row el_class=\u00bbtop-content\u00bb][vc_column][vc_row_inner][vc_column_inner el_class=\u00bbright-side\u00bb width=\u00bb1\/2&#8243;][vc_custom_heading text=\u00bbSolicite una oferta en 3 pasos\u00bb use_theme_fonts=\u00bbyes\u00bb el_class=\u00bbairfreight\u00bb][\/vc_column_inner][vc_column_inner el_class=\u00bbleft-side\u00bb width=\u00bb1\/2&#8243;][vc_column_text] Con nosotros usted se beneficia de los precios competitivos [\/vc_column_text][\/vc_column_inner][\/vc_row_inner][\/vc_column][\/vc_row][\/vc_section][vc_section el_class=\u00bbmain-form-page\u00bb][vc_row][vc_column][vc_column_text el_id=\u00bbform_offerteaanvragen\u00bb][\/vc_column_text][\/vc_column][\/vc_row][\/vc_section][vc_section el_class=\u00bbform-page-content\u00bb][vc_row][vc_column][vc_custom_heading text=\u00bb\u00bfPor qu\u00e9 elegir Transolutions?\u00bb use_theme_fonts=\u00bbyes\u00bb][vc_row_inner el_class=\u00bbbottom-content\u00bb][vc_column_inner width=\u00bb1\/2&#8243;][vc_column_text]Transolution es su base fiable para el env\u00edo de sus bienes de forma r\u00e1pida, segura y econ\u00f3mica. Como transitario reconocido internacionalmente, [&hellip;]<\/p>\n","protected":false},"author":1,"featured_media":777,"parent":0,"menu_order":0,"comment_status":"closed","ping_status":"closed","template":"hero-image-page-template.php","meta":{"inline_featured_image":false,"footnotes":""},"categories":[],"tags":[],"class_list":["post-712","page","type-page","status-publish","has-post-thumbnail","hentry"],"_links":{"self":[{"href":"https:\/\/transolution.net\/es\/wp-json\/wp\/v2\/pages\/712","targetHints":{"allow":["GET"]}}],"collection":[{"href":"https:\/\/transolution.net\/es\/wp-json\/wp\/v2\/pages"}],"about":[{"href":"https:\/\/transolution.net\/es\/wp-json\/wp\/v2\/types\/page"}],"author":[{"embeddable":true,"href":"https:\/\/transolution.net\/es\/wp-json\/wp\/v2\/users\/1"}],"replies":[{"embeddable":true,"href":"https:\/\/transolution.net\/es\/wp-json\/wp\/v2\/comments?post=712"}],"version-history":[{"count":10,"href":"https:\/\/transolution.net\/es\/wp-json\/wp\/v2\/pages\/712\/revisions"}],"predecessor-version":[{"id":928,"href":"https:\/\/transolution.net\/es\/wp-json\/wp\/v2\/pages\/712\/revisions\/928"}],"wp:featuredmedia":[{"embeddable":true,"href":"https:\/\/transolution.net\/es\/wp-json\/wp\/v2\/media\/777"}],"wp:attachment":[{"href":"https:\/\/transolution.net\/es\/wp-json\/wp\/v2\/media?parent=712"}],"wp:term":[{"taxonomy":"category","embeddable":true,"href":"https:\/\/transolution.net\/es\/wp-json\/wp\/v2\/categories?post=712"},{"taxonomy":"post_tag","embeddable":true,"href":"https:\/\/transolution.net\/es\/wp-json\/wp\/v2\/tags?post=712"}],"curies":[{"name":"wp","href":"https:\/\/api.w.org\/{rel}","templated":true}]}}