{"id":716,"date":"2019-11-04T16:03:51","date_gmt":"2019-11-04T16:03:51","guid":{"rendered":"https:\/\/transolution.net\/?page_id=716"},"modified":"2019-11-14T07:10:37","modified_gmt":"2019-11-14T07:10:37","slug":"aduana","status":"publish","type":"page","link":"https:\/\/transolution.net\/es\/aduana\/","title":{"rendered":"Aduana"},"content":{"rendered":"<div class=\"wpb-content-wrapper\"><p>[vc_section el_class=\u00bbservice-heading-text\u00bb][vc_row][vc_column][vc_column_text]<\/p>\n<h2>Transolution no solo se encarga del transporte de sus env\u00edos, sino que tambi\u00e9n se encarga de todos los documentos de transporte. Las formalidades aduaneras son una parte importante de esto.<\/h2>\n<p>[\/vc_column_text][\/vc_column][\/vc_row][vc_row el_class=\u00bbservice-custom-heading\u00bb][vc_column][vc_separator color=\u00bbcustom\u00bb align=\u00bbalign_left\u00bb border_width=\u00bb3&#8243; el_width=\u00bb10&#8243; accent_color=\u00bb#2991d6&#8243;][\/vc_column][\/vc_row][vc_row el_class=\u00bbform-for-mobile\u00bb][vc_column][vc_column_text]<\/p>\n<div class=\"service-form-page-content\">\n<div class=\"top-content\">\n<h2 class=\"airfreight\">Por favor cont\u00e1ctenos<\/h2>\n<\/div>\n<\/div>\n<div class=\"frm_forms  with_frm_style frm_style_formidable-style\" id=\"frm_form_36_container\" >\n<form enctype=\"multipart\/form-data\" method=\"post\" class=\"frm-show-form  frm_js_validate  frm_ajax_submit  frm_pro_form \" id=\"form_offerteaanvragen5322\" >\n<div class=\"frm_form_fields \">\n<fieldset>\n<legend class=\"frm_screen_reader\">Offerte aanvragen (douane) ES<\/legend>\r\n\r\n<div class=\"frm_fields_container\">\n<input type=\"hidden\" name=\"frm_action\" value=\"create\" \/>\n<input type=\"hidden\" name=\"form_id\" value=\"36\" \/>\n<input type=\"hidden\" name=\"frm_hide_fields_36\" id=\"frm_hide_fields_36\" value=\"\" \/>\n<input type=\"hidden\" name=\"form_key\" value=\"offerteaanvragen5322\" \/>\n<input type=\"hidden\" name=\"item_meta[0]\" value=\"\" \/>\n<input type=\"hidden\" id=\"frm_submit_entry_36\" name=\"frm_submit_entry_36\" value=\"4939f6b816\" \/><input type=\"hidden\" name=\"_wp_http_referer\" value=\"\/es\/wp-json\/wp\/v2\/pages\/716\" \/><div id=\"frm_field_372_container\" class=\"frm_form_field frm_section_heading form-field  form-sec3\">\r\n<h3 class=\"frm_pos_top frm_section_spacing\">Tus detalles<\/h3>\r\n\r\n\r\n<div id=\"frm_field_373_container\" class=\"frm_form_field form-field  frm_required_field frm_top_container frm_third frm_first\">\r\n    <label for=\"field_name-volledig532\" id=\"field_name-volledig532_label\" class=\"frm_primary_label\">Nombre completo\r\n        <span class=\"frm_required\">*<\/span>\r\n    <\/label>\r\n    <input  type=\"text\" id=\"field_name-volledig532\" name=\"item_meta[373]\" value=\"\"  data-sectionid=\"372\"  data-reqmsg=\"Este campo no puede estar vac\u00edo.\" aria-required=\"true\" data-invmsg=\"Text is invalid\" aria-invalid=\"false\"   \/>\r\n    \r\n    \r\n<\/div>\n<div id=\"frm_field_374_container\" class=\"frm_form_field form-field  frm_required_field frm_top_container frm_third\">\r\n    <label for=\"field_telephone532\" id=\"field_telephone532_label\" class=\"frm_primary_label\">N\u00famero de tel\u00e9fono\r\n        <span class=\"frm_required\">*<\/span>\r\n    <\/label>\r\n    <input type=\"tel\" id=\"field_telephone532\" name=\"item_meta[374]\" value=\"\"  data-reqmsg=\"Este campo no puede estar vac\u00edo.\" aria-required=\"true\" data-invmsg=\"El tel\u00e9fono no es v\u00e1lido\" aria-invalid=\"false\" pattern=\"((\\+\\d{1,3}(-|.| )?\\(?\\d\\)?(-| |.)?\\d{1,5})|(\\(?\\d{2,6}\\)?))(-|.| )?(\\d{3,4})(-|.| )?(\\d{4})(( x| ext)\\d{1,5}){0,1}$\"  \/>\r\n    \r\n    \r\n<\/div>\n<div id=\"frm_field_375_container\" class=\"frm_form_field form-field  frm_required_field frm_top_container frm_third\">\r\n    <label for=\"field_email532\" id=\"field_email532_label\" class=\"frm_primary_label\">Correo electr\u00f3nico\r\n        <span class=\"frm_required\">*<\/span>\r\n    <\/label>\r\n    <input type=\"email\" id=\"field_email532\" name=\"item_meta[375]\" value=\"\"  data-sectionid=\"372\"  data-reqmsg=\"Este campo no puede estar vac\u00edo.\" aria-required=\"true\" data-invmsg=\"El correo electr\u00f3nico no es v\u00e1lido.\" aria-invalid=\"false\"  \/>\r\n    \r\n    \r\n<\/div>\n<div id=\"frm_field_376_container\" class=\"frm_form_field form-field  frm_required_field frm_top_container frm_full privacy vertical_radio\">\r\n    <div  id=\"field_edror532_label\" class=\"frm_primary_label\">\r\n        <span class=\"frm_required\">*<\/span>\r\n    <\/div>\r\n    <div class=\"frm_opt_container\" aria-labelledby=\"field_edror532_label\" role=\"group\">\t\t<div class=\"frm_checkbox\" id=\"frm_checkbox_376-372-0\">\t\t\t<label  for=\"field_edror532-0\">\n\t\t\t<input type=\"checkbox\" name=\"item_meta[376][]\" id=\"field_edror532-0\" value=\"Estoy de acuerdo con &lt;a href=&quot;https:\/\/transolution.net\/wp-content\/uploads\/2019\/11\/Transolution-privacyverklaring.pdf&quot; rel=&quot;noopener noreferrer&quot; target=&quot;_blank&quot;&gt;la declaraci\u00f3n de privacidad&lt;\/a&gt; de Transolutions B.V.\"  data-sectionid=\"372\"  data-reqmsg=\"This field cannot be blank.\" data-invmsg=\"Este campo no es v\u00e1lido\"   aria-required=\"true\"  \/> Estoy de acuerdo con <a href=\"https:\/\/transolution.net\/wp-content\/uploads\/2019\/11\/Transolution-privacyverklaring.pdf\" rel=\"noopener noreferrer\" target=\"_blank\">la declaraci\u00f3n de privacidad<\/a> de Transolutions B.V.<\/label><\/div>\n<\/div>\r\n    \r\n    \r\n<\/div>\n<div id=\"frm_field_468_container\" class=\"frm_form_field form-field  frm_none_container\">\r\n    <label for=\"g-recaptcha-response\" id=\"field_jmict_label\" class=\"frm_primary_label\">reCAPTCHA\r\n        <span class=\"frm_required\"><\/span>\r\n    <\/label>\r\n    <div  id=\"field_jmict\" class=\"g-recaptcha\" data-sitekey=\"6LeAnaYgAAAAAM-U7zw45tQ7XdJ23ms-sovZpgUL\" data-size=\"normal\" data-theme=\"light\"><\/div>\r\n    \r\n    \r\n<\/div>\n<\/div>\n\t<input type=\"hidden\" name=\"item_key\" value=\"\" \/>\n\t\t\t<div id=\"frm_field_812_container\">\n\t\t\t<label for=\"field_yruz\" >\n\t\t\t\tSi eres humano, deja este campo en blanco.\t\t\t<\/label>\n\t\t\t<input  id=\"field_yruz\" type=\"text\" class=\"frm_form_field form-field frm_verify\" name=\"item_meta[812]\" value=\"\"  \/>\n\t\t<\/div>\n\t\t<input name=\"frm_state\" type=\"hidden\" value=\"PiqTIFaynXyUd\/bQZrDf10GoN8QG08f66454lC\/GFt+ZLvUSidFFeTxBopcwQHoW\" \/><div class=\"frm_submit form-sec3\">\r\n\r\n<button class=\"frm_button_submit frm_final_submit\" type=\"submit\"   formnovalidate=\"formnovalidate\"><span class=\"button-text\">Enviar<\/span><\/button>\r\n\r\n<\/div><\/div>\n<\/fieldset>\n<\/div>\n\n<\/form>\n<\/div>\n[\/vc_column_text][\/vc_column][\/vc_row][\/vc_section][vc_section el_class=\u00bbservice-inner-content\u00bb][vc_row][vc_column][vc_custom_heading text=\u00bbEstaremos encantados de asesorarle sobre las posibilidades para sus documentos de transporte.\u00bb use_theme_fonts=\u00bbyes\u00bb el_class=\u00bbofficer\u00bb][vc_column_text]Nuestros declarantes son conscientes en todo momento de la legislaci\u00f3n y de las normas que cambian regularmente en materia de tr\u00e1mites aduaneros.<\/p>\n<p>Ellos se encargan del despacho y la manipulaci\u00f3n de sus documentos espec\u00edficos de importaci\u00f3n para que pueda disponer de sus bienes r\u00e1pidamente.<\/p>\n<p>En lo que respecta a sus env\u00edos de exportaci\u00f3n, ellos tambi\u00e9n se encargan de los documentos de exportaci\u00f3n necesarios en su nombre.<br \/>\nUtilizamos precios competitivos para los env\u00edos tanto de particulares como de empresas.<\/p>\n<p>Por favor cont\u00e1ctenos para m\u00e1s informaci\u00f3n. Con mucho gusto le asesoraremos sobre los precios y las posibilidades.[\/vc_column_text][vc_column_text]<\/p>\n<ul class=\"service-list\">\n<li>Corto tiempo de espera<\/li>\n<li>17 a\u00f1os de experiencia<\/li>\n<li>M\u00e1s de 50 puntos de entrega en los Pa\u00edses Bajos<\/li>\n<li>Amplio almac\u00e9n<\/li>\n<li>Almac\u00e9n seguro<\/li>\n<li>Servicio de recogida<\/li>\n<\/ul>\n<p>[\/vc_column_text][\/vc_column][\/vc_row][\/vc_section][vc_section el_class=\u00bbservice-inner-content\u00bb][vc_row][vc_column][vc_column_text]<\/p>\n<div class=\"col-100\"><img decoding=\"async\" src=\"https:\/\/transolution.net\/wp-content\/uploads\/2019\/08\/listing-only.png\" alt=\"null\" \/><\/div>\n<p>[\/vc_column_text][\/vc_column][\/vc_row][\/vc_section][vc_section el_class=\u00bbservice-inner-content\u00bb][vc_row el_class=\u00bbsee-more\u00bb][vc_column][vc_custom_heading text=\u00bbTambi\u00e9n mire a&#8230;\u00bb use_theme_fonts=\u00bbyes\u00bb css_animation=\u00bbfadeIn\u00bb][\/vc_column][\/vc_row][vc_row equal_height=\u00bbyes\u00bb el_class=\u00bbno-margin\u00bb][vc_column width=\u00bb1\/2&#8243; el_class=\u00bbitem one\u00bb][vc_custom_heading text=\u00bbTransporte a\u00e9reo de carga\u00bb font_container=\u00bbtag:h3|text_align:center\u00bb use_theme_fonts=\u00bbyes\u00bb css_animation=\u00bbfadeIn\u00bb][vc_column_text]\u00bfDesea enviar paquetes o paletas por v\u00eda a\u00e9rea? \u00a1Vea las posibilidades aqu\u00ed![\/vc_column_text][vc_single_image image=\u00bb800&#8243; img_size=\u00bbfull\u00bb alignment=\u00bbcenter\u00bb css_animation=\u00bbnone\u00bb el_class=\u00bbhvr-bob\u00bb][vc_column_text css_animation=\u00bbfadeIn\u00bb el_class=\u00bbmore-about\u00bb]<a href=\"\/es\/transporte-aereo-de-carga\/\">M\u00e1s informaci\u00f3n sobre el transporte a\u00e9reo de carga<\/a>[\/vc_column_text][\/vc_column][vc_column width=\u00bb1\/2&#8243; el_class=\u00bbitem two\u00bb][vc_custom_heading text=\u00bbContacto\u00bb font_container=\u00bbtag:h3|text_align:center\u00bb use_theme_fonts=\u00bbyes\u00bb css_animation=\u00bbfadeIn\u00bb][vc_column_text]\u00bfDesea ponerse en contacto con nosotros para saber qu\u00e9 podemos hacer por usted? \u00a1Vaya a nuestra p\u00e1gina de contacto![\/vc_column_text][vc_single_image image=\u00bb702&#8243; img_size=\u00bb80&#8243; alignment=\u00bbcenter\u00bb css_animation=\u00bbnone\u00bb el_class=\u00bbhvr-bob\u00bb][vc_column_text css_animation=\u00bbfadeIn\u00bb el_class=\u00bbmore-about\u00bb]<a href=\"\/es\/contacto\/\">Cont\u00e1ctenos<\/a>[\/vc_column_text][\/vc_column][\/vc_row][vc_row equal_height=\u00bbyes\u00bb el_class=\u00bbno-margin\u00bb][vc_column width=\u00bb1\/2&#8243; el_class=\u00bbitem three\u00bb][vc_custom_heading text=\u00bbTransporte mar\u00edtimo de carga\u00bb font_container=\u00bbtag:h3|text_align:center\u00bb use_theme_fonts=\u00bbyes\u00bb css_animation=\u00bbfadeIn\u00bb][vc_column_text]\u00bfDesea tener asesoramiento experto en la preparaci\u00f3n de todos los formularios de aduana? \u00a1Lea m\u00e1s en nuestra p\u00e1gina de aduana![\/vc_column_text][vc_single_image image=\u00bb698&#8243; img_size=\u00bbfull\u00bb alignment=\u00bbcenter\u00bb css_animation=\u00bbnone\u00bb el_class=\u00bbhvr-bob\u00bb][vc_column_text css_animation=\u00bbfadeIn\u00bb el_class=\u00bbmore-about\u00bb]<a href=\"\/es\/transporte-maritimo-de-carga\/\">M\u00e1s informaci\u00f3n sobre el transporte mar\u00edtimo de carga<\/a>[\/vc_column_text][\/vc_column][vc_column width=\u00bb1\/2&#8243; el_class=\u00bbitem four\u00bb][vc_custom_heading text=\u00bbTienda en linea\u00bb font_container=\u00bbtag:h3|text_align:center\u00bb use_theme_fonts=\u00bbyes\u00bb css_animation=\u00bbfadeIn\u00bb][vc_column_text]\u00bfNecesita embalajes para el transporte de sus bienes? \u00a1Vaya a nuestra tienda en linea![\/vc_column_text][vc_single_image image=\u00bb701&#8243; img_size=\u00bbfull\u00bb alignment=\u00bbcenter\u00bb css_animation=\u00bbnone\u00bb el_class=\u00bbhvr-bob\u00bb][vc_column_text css_animation=\u00bbfadeIn\u00bb el_class=\u00bbmore-about\u00bb]<a href=\"\/es\/webshop\/\">Ver productos<\/a>[\/vc_column_text][\/vc_column][\/vc_row][\/vc_section]<\/p>\n<\/div>","protected":false},"excerpt":{"rendered":"<p>[vc_section el_class=\u00bbservice-heading-text\u00bb][vc_row][vc_column][vc_column_text] Transolution no solo se encarga del transporte de sus env\u00edos, sino que tambi\u00e9n se encarga de todos los documentos de transporte. Las formalidades aduaneras son una parte importante de esto. [\/vc_column_text][\/vc_column][\/vc_row][vc_row el_class=\u00bbservice-custom-heading\u00bb][vc_column][vc_separator color=\u00bbcustom\u00bb align=\u00bbalign_left\u00bb border_width=\u00bb3&#8243; el_width=\u00bb10&#8243; accent_color=\u00bb#2991d6&#8243;][\/vc_column][\/vc_row][vc_row el_class=\u00bbform-for-mobile\u00bb][vc_column][vc_column_text] Por favor cont\u00e1ctenos [\/vc_column_text][\/vc_column][\/vc_row][\/vc_section][vc_section el_class=\u00bbservice-inner-content\u00bb][vc_row][vc_column][vc_custom_heading text=\u00bbEstaremos encantados de asesorarle sobre las posibilidades para sus documentos [&hellip;]<\/p>\n","protected":false},"author":1,"featured_media":717,"parent":0,"menu_order":0,"comment_status":"closed","ping_status":"closed","template":"","meta":{"inline_featured_image":false,"footnotes":""},"categories":[],"tags":[],"class_list":["post-716","page","type-page","status-publish","has-post-thumbnail","hentry"],"_links":{"self":[{"href":"https:\/\/transolution.net\/es\/wp-json\/wp\/v2\/pages\/716","targetHints":{"allow":["GET"]}}],"collection":[{"href":"https:\/\/transolution.net\/es\/wp-json\/wp\/v2\/pages"}],"about":[{"href":"https:\/\/transolution.net\/es\/wp-json\/wp\/v2\/types\/page"}],"author":[{"embeddable":true,"href":"https:\/\/transolution.net\/es\/wp-json\/wp\/v2\/users\/1"}],"replies":[{"embeddable":true,"href":"https:\/\/transolution.net\/es\/wp-json\/wp\/v2\/comments?post=716"}],"version-history":[{"count":15,"href":"https:\/\/transolution.net\/es\/wp-json\/wp\/v2\/pages\/716\/revisions"}],"predecessor-version":[{"id":988,"href":"https:\/\/transolution.net\/es\/wp-json\/wp\/v2\/pages\/716\/revisions\/988"}],"wp:featuredmedia":[{"embeddable":true,"href":"https:\/\/transolution.net\/es\/wp-json\/wp\/v2\/media\/717"}],"wp:attachment":[{"href":"https:\/\/transolution.net\/es\/wp-json\/wp\/v2\/media?parent=716"}],"wp:term":[{"taxonomy":"category","embeddable":true,"href":"https:\/\/transolution.net\/es\/wp-json\/wp\/v2\/categories?post=716"},{"taxonomy":"post_tag","embeddable":true,"href":"https:\/\/transolution.net\/es\/wp-json\/wp\/v2\/tags?post=716"}],"curies":[{"name":"wp","href":"https:\/\/api.w.org\/{rel}","templated":true}]}}