{"id":720,"date":"2019-11-04T16:14:32","date_gmt":"2019-11-04T16:14:32","guid":{"rendered":"https:\/\/transolution.net\/?page_id=720"},"modified":"2019-11-05T16:27:48","modified_gmt":"2019-11-05T16:27:48","slug":"sobre-nosotros","status":"publish","type":"page","link":"https:\/\/transolution.net\/es\/sobre-nosotros\/","title":{"rendered":"Sobre nosotros"},"content":{"rendered":"<div class=\"wpb-content-wrapper\"><p>[vc_section full_width=\u00bbstretch_row\u00bb el_class=\u00bbabout-title\u00bb][vc_row][vc_column][vc_custom_heading text=\u00bbYour transport in bridging the world\u00bb font_container=\u00bbtag:h2|text_align:center\u00bb use_theme_fonts=\u00bbyes\u00bb css_animation=\u00bbfadeIn\u00bb][\/vc_column][\/vc_row][\/vc_section][vc_section full_width=\u00bbstretch_row\u00bb el_class=\u00bbabt-sec2&#8243;][vc_row][vc_column width=\u00bb1\/2&#8243;][vc_single_image image=\u00bb788&#8243; img_size=\u00bbfull\u00bb css_animation=\u00bbslideInLeft\u00bb][\/vc_column][vc_column width=\u00bb1\/2&#8243;][vc_column_text css_animation=\u00bbslideInRight\u00bb]<\/p>\n<h4>Transolution puede ayudarle con<\/h4>\n<ul>\n<li>Transporte a\u00e9reo de carga<\/li>\n<li>Transporte mar\u00edtimo de carga<\/li>\n<li>Documentos y aduanas<\/li>\n<li>Procesamiento completo de importaciones<\/li>\n<li>Entrega de bienes peligrosos<\/li>\n<\/ul>\n<p>[\/vc_column_text][\/vc_column][\/vc_row][vc_row][vc_column][vc_custom_heading text=\u00bbVentajas de Transolution\u00bb use_theme_fonts=\u00bbyes\u00bb css_animation=\u00bbfadeIn\u00bb][\/vc_column][\/vc_row][vc_row el_class=\u00bbabt-usp\u00bb][vc_column width=\u00bb1\/3&#8243;][vc_column_text css_animation=\u00bbslideInLeft\u00bb]<\/p>\n<h4>Corto tiempo de espera<\/h4>\n<p>[\/vc_column_text][vc_column_text css_animation=\u00bbslideInLeft\u00bb]<\/p>\n<h4>Amplio almac\u00e9n<\/h4>\n<p>[\/vc_column_text][\/vc_column][vc_column width=\u00bb1\/3&#8243;][vc_column_text css_animation=\u00bbfadeIn\u00bb]<\/p>\n<h4>17 a\u00f1os de experiencia<\/h4>\n<p>[\/vc_column_text][vc_column_text css_animation=\u00bbfadeIn\u00bb]<\/p>\n<h4>Almac\u00e9n seguro<\/h4>\n<p>[\/vc_column_text][\/vc_column][vc_column width=\u00bb1\/3&#8243;][vc_column_text css_animation=\u00bbslideInRight\u00bb]<\/p>\n<h4>M\u00e1s de 50 puntos de entrega en los Pa\u00edses Bajos<\/h4>\n<p>[\/vc_column_text][vc_column_text css_animation=\u00bbslideInRight\u00bb]<\/p>\n<h4>Servicio de recogida<\/h4>\n<p>[\/vc_column_text][\/vc_column][\/vc_row][\/vc_section][vc_section full_width=\u00bbstretch_row_content\u00bb][vc_row full_width=\u00bbstretch_row_content_no_spaces\u00bb el_class=\u00bbabout-border\u00bb][vc_column][vc_separator color=\u00bbcustom\u00bb accent_color=\u00bb#d9dfe4&#8243;][\/vc_column][\/vc_row][\/vc_section][vc_section full_width=\u00bbstretch_row\u00bb el_class=\u00bbabt-zeklin\u00bb][vc_row gap=\u00bb35&#8243;][vc_column width=\u00bb1\/2&#8243;][vc_column_text css_animation=\u00bbslideInLeft\u00bb]<\/p>\n<h3>Soluci\u00f3n comercial para su negocio<\/h3>\n<p>Transolution es su base fiable para el env\u00edo de sus bienes de forma r\u00e1pida, segura y econ\u00f3mica. Como transitario reconocido internacionalmente, tenemos la experiencia y la red para organizar su transporte a\u00e9reo o mar\u00edtimo de carga de manera eficiente y cuidadosa.<\/p>\n<p><a href=\"\/es\/contacto\/\">Cont\u00e1ctenos<\/a>[\/vc_column_text][\/vc_column][vc_column width=\u00bb1\/2&#8243;][vc_column_text css_animation=\u00bbslideInRight\u00bb]<\/p>\n<h3>\u00bfEs nuevo en Transolution?<\/h3>\n<p>Crear una cuenta en Transolutions le ahorrar\u00e1 mucho tiempo.<br \/>\nAdem\u00e1s, tendr\u00e1 un resumen claro de todos sus env\u00edos.<\/p>\n<ul>\n<li>Compruebe r\u00e1pidamente el estado de su env\u00edo<\/li>\n<li>Sus datos ya han sido introducidos, ahorr\u00e1ndole tiempo.<\/li>\n<\/ul>\n<p><a href=\"\/my-account\">Crear cuenta<\/a>[\/vc_column_text][\/vc_column][\/vc_row][\/vc_section][vc_section full_width=\u00bbstretch_row\u00bb el_class=\u00bbabt-contact\u00bb][vc_row][vc_column][vc_column_text css_animation=\u00bbfadeIn\u00bb]<\/p>\n<h3>\u00bfTiene preguntas o necesita ayuda?<\/h3>\n<p><a href=\"\/es\/contacto\/\">Contacto<\/a>[\/vc_column_text][\/vc_column][\/vc_row][\/vc_section]<\/p>\n<\/div>","protected":false},"excerpt":{"rendered":"<p>[vc_section full_width=\u00bbstretch_row\u00bb el_class=\u00bbabout-title\u00bb][vc_row][vc_column][vc_custom_heading text=\u00bbYour transport in bridging the world\u00bb font_container=\u00bbtag:h2|text_align:center\u00bb use_theme_fonts=\u00bbyes\u00bb css_animation=\u00bbfadeIn\u00bb][\/vc_column][\/vc_row][\/vc_section][vc_section full_width=\u00bbstretch_row\u00bb el_class=\u00bbabt-sec2&#8243;][vc_row][vc_column width=\u00bb1\/2&#8243;][vc_single_image image=\u00bb788&#8243; img_size=\u00bbfull\u00bb css_animation=\u00bbslideInLeft\u00bb][\/vc_column][vc_column width=\u00bb1\/2&#8243;][vc_column_text css_animation=\u00bbslideInRight\u00bb] Transolution puede ayudarle con Transporte a\u00e9reo de carga Transporte mar\u00edtimo de carga Documentos y aduanas Procesamiento completo de importaciones Entrega de bienes peligrosos [\/vc_column_text][\/vc_column][\/vc_row][vc_row][vc_column][vc_custom_heading text=\u00bbVentajas de Transolution\u00bb use_theme_fonts=\u00bbyes\u00bb css_animation=\u00bbfadeIn\u00bb][\/vc_column][\/vc_row][vc_row el_class=\u00bbabt-usp\u00bb][vc_column width=\u00bb1\/3&#8243;][vc_column_text css_animation=\u00bbslideInLeft\u00bb] Corto tiempo de [&hellip;]<\/p>\n","protected":false},"author":1,"featured_media":784,"parent":0,"menu_order":0,"comment_status":"closed","ping_status":"closed","template":"hero-image-page-template.php","meta":{"inline_featured_image":false,"footnotes":""},"categories":[],"tags":[],"class_list":["post-720","page","type-page","status-publish","has-post-thumbnail","hentry"],"_links":{"self":[{"href":"https:\/\/transolution.net\/es\/wp-json\/wp\/v2\/pages\/720","targetHints":{"allow":["GET"]}}],"collection":[{"href":"https:\/\/transolution.net\/es\/wp-json\/wp\/v2\/pages"}],"about":[{"href":"https:\/\/transolution.net\/es\/wp-json\/wp\/v2\/types\/page"}],"author":[{"embeddable":true,"href":"https:\/\/transolution.net\/es\/wp-json\/wp\/v2\/users\/1"}],"replies":[{"embeddable":true,"href":"https:\/\/transolution.net\/es\/wp-json\/wp\/v2\/comments?post=720"}],"version-history":[{"count":6,"href":"https:\/\/transolution.net\/es\/wp-json\/wp\/v2\/pages\/720\/revisions"}],"predecessor-version":[{"id":795,"href":"https:\/\/transolution.net\/es\/wp-json\/wp\/v2\/pages\/720\/revisions\/795"}],"wp:featuredmedia":[{"embeddable":true,"href":"https:\/\/transolution.net\/es\/wp-json\/wp\/v2\/media\/784"}],"wp:attachment":[{"href":"https:\/\/transolution.net\/es\/wp-json\/wp\/v2\/media?parent=720"}],"wp:term":[{"taxonomy":"category","embeddable":true,"href":"https:\/\/transolution.net\/es\/wp-json\/wp\/v2\/categories?post=720"},{"taxonomy":"post_tag","embeddable":true,"href":"https:\/\/transolution.net\/es\/wp-json\/wp\/v2\/tags?post=720"}],"curies":[{"name":"wp","href":"https:\/\/api.w.org\/{rel}","templated":true}]}}