{"id":723,"date":"2019-11-04T16:16:30","date_gmt":"2019-11-04T16:16:30","guid":{"rendered":"https:\/\/transolution.net\/?page_id=723"},"modified":"2025-06-27T10:32:06","modified_gmt":"2025-06-27T10:32:06","slug":"track","status":"publish","type":"page","link":"https:\/\/transolution.net\/es\/track\/","title":{"rendered":"Track"},"content":{"rendered":"<div class=\"wpb-content-wrapper\"><p>[vc_section el_class=\u00bbtrack-section\u00bb][vc_row][vc_column width=\u00bb1\/2&#8243; el_class=\u00bbtrack-left\u00bb][vc_column_text]<\/p>\n<h3>Track &amp; Trace<\/h3>\n<h5>\u00bfDesea saber d\u00f3nde se encuentra su carga a\u00e9rea o mar\u00edtima durante el transporte? Entonces puede utilizar nuestro avanzado sistema Track &amp; Trace.<\/h5>\n<p>Nuestro sistema Track &amp; Trace le ayuda a realizar el seguimiento de su env\u00edo de importaci\u00f3n o exportaci\u00f3n durante el transporte, para que est\u00e9 constantemente informado del progreso. Hemos digitalizado nuestro proceso log\u00edstico para poder servirle de forma m\u00e1s eficiente.[\/vc_column_text][vc_column_text]<iframe style=\"color: #0000ff; text-align: center;\" src=\"https:\/\/transtrackingsetup.magaya.net\/TrackingByNumber.ashx?Types=WH,&amp;NetworkId=33401&amp;Size=Large&amp;Color=btn btn-primary&amp;Language=ES\" width=\"450\" height=\"350\" frameborder=\"0\" marginwidth=\"0\" marginheight=\"0\"><\/iframe>[\/vc_column_text][\/vc_column][vc_column width=\u00bb1\/2&#8243; el_class=\u00bbtrack-right\u00bb][vc_column_text]<\/p>\n<h3>Iniciar sesi\u00f3n como profesional<\/h3>\n<h5>Como cliente profesional, usted tiene muchas ventajas con respecto a sus env\u00edos a trav\u00e9s de Transolutions. Inicie sesi\u00f3n ahora para seguir su env\u00edo y mucho m\u00e1s.<\/h5>\n<p><a class=\"login-track-btn\" href=\"https:\/\/tracking.magaya.com\/?orgname=33401#livetrack\" target=\"blank\" rel=\"noopener noreferrer\">Iniciar sesi\u00f3n<\/a><a href=\"http:\/\/www.magaya.com\/\" target=\"blank\" rel=\"noopener noreferrer\"><img decoding=\"async\" src=\"https:\/\/transolution.net\/wp-content\/uploads\/2019\/08\/magaya.png\" \/><\/a>[\/vc_column_text][\/vc_column][\/vc_row][\/vc_section]<\/p>\n<\/div>","protected":false},"excerpt":{"rendered":"<p>[vc_section el_class=\u00bbtrack-section\u00bb][vc_row][vc_column width=\u00bb1\/2&#8243; el_class=\u00bbtrack-left\u00bb][vc_column_text] Track &amp; Trace \u00bfDesea saber d\u00f3nde se encuentra su carga a\u00e9rea o mar\u00edtima durante el transporte? Entonces puede utilizar nuestro avanzado sistema Track &amp; Trace. Nuestro sistema Track &amp; Trace le ayuda a realizar el seguimiento de su env\u00edo de importaci\u00f3n o exportaci\u00f3n durante el transporte, para que est\u00e9 constantemente informado [&hellip;]<\/p>\n","protected":false},"author":1,"featured_media":724,"parent":0,"menu_order":0,"comment_status":"closed","ping_status":"closed","template":"hero-image-page-template.php","meta":{"inline_featured_image":false,"footnotes":""},"categories":[],"tags":[],"class_list":["post-723","page","type-page","status-publish","has-post-thumbnail","hentry"],"_links":{"self":[{"href":"https:\/\/transolution.net\/es\/wp-json\/wp\/v2\/pages\/723","targetHints":{"allow":["GET"]}}],"collection":[{"href":"https:\/\/transolution.net\/es\/wp-json\/wp\/v2\/pages"}],"about":[{"href":"https:\/\/transolution.net\/es\/wp-json\/wp\/v2\/types\/page"}],"author":[{"embeddable":true,"href":"https:\/\/transolution.net\/es\/wp-json\/wp\/v2\/users\/1"}],"replies":[{"embeddable":true,"href":"https:\/\/transolution.net\/es\/wp-json\/wp\/v2\/comments?post=723"}],"version-history":[{"count":7,"href":"https:\/\/transolution.net\/es\/wp-json\/wp\/v2\/pages\/723\/revisions"}],"predecessor-version":[{"id":8976,"href":"https:\/\/transolution.net\/es\/wp-json\/wp\/v2\/pages\/723\/revisions\/8976"}],"wp:featuredmedia":[{"embeddable":true,"href":"https:\/\/transolution.net\/es\/wp-json\/wp\/v2\/media\/724"}],"wp:attachment":[{"href":"https:\/\/transolution.net\/es\/wp-json\/wp\/v2\/media?parent=723"}],"wp:term":[{"taxonomy":"category","embeddable":true,"href":"https:\/\/transolution.net\/es\/wp-json\/wp\/v2\/categories?post=723"},{"taxonomy":"post_tag","embeddable":true,"href":"https:\/\/transolution.net\/es\/wp-json\/wp\/v2\/tags?post=723"}],"curies":[{"name":"wp","href":"https:\/\/api.w.org\/{rel}","templated":true}]}}